{"id":476,"date":"2018-11-28T09:48:32","date_gmt":"2018-11-28T08:48:32","guid":{"rendered":"http:\/\/www.musicwood.es\/?page_id=476"},"modified":"2018-12-14T12:13:12","modified_gmt":"2018-12-14T11:13:12","slug":"politica-de-privacitat","status":"publish","type":"page","link":"https:\/\/musicwood.es\/ca\/politica-de-privacitat\/","title":{"rendered":"Pol\u00edtica de privacitat"},"content":{"rendered":"<p><strong>1.- RESPONSABLE<\/strong><\/p>\n<p>MusicWood S.L. \u2013 C.I.F. B62186283<\/p>\n<p>Direcci\u00f3 de contacte: C\/ Valencia, 91 08029-Barcelona<\/p>\n<p>Correu electr\u00f2nic: <a href=\"mailto:info@integratek.es%20\">info@musicwood.es <\/a><\/p>\n<p>Tel\u00e8fon de contacte: 659404424<\/p>\n<p>P\u00e0gina web: <a href=\"https:\/\/www.integratek.es\">www.musicwood.es<\/a><\/p>\n<p><strong>2.- PROCED\u00c8NCIA, FINALITAT I DESTINATARIS<\/strong><\/p>\n<p>S&#8217;hauran d&#8217;emplenar vera\u00e7ment totes les dades sol\u00b7licitades en el formulari de contacte.<\/p>\n<p>&#8211; Dades personals de sol\u00b7licitant.<\/p>\n<p>Les dades personals s\u00f3n proporcionats directament pels propis interessats amb la finalitat de gestionar la sol\u00b7licitud d&#8217;informaci\u00f3. Podemos recollir dades personals identificatives i de contacte.<\/p>\n<p>Finalment, s&#8217;enviar\u00e0 informaci\u00f3 per mitjans electr\u00f2nics sobre les futures activitats que dugui a terme l&#8217;entitat a aquells interessats que, degudament informats durant la recollida de dades no s&#8217;oposin a aix\u00f2.<\/p>\n<p>&#8211; Sol\u00b7licitants d&#8217;informaci\u00f3<\/p>\n<p>Les dades personals procedeixen del propi interessat el qual ens els proporciona en completar el formulari de contacte a la p\u00e0gina web, en trucar-nos per tel\u00e8fon, en enviar-nos un correu electr\u00f2nic o a trav\u00e9s de consultes a les xarxes socials en les quals t\u00e9 pres\u00e8ncia l&#8217;entitat.<\/p>\n<p>Aquestes dades s&#8217;utilitzen amb la finalitat de resoldre les consultes i proporcionar informaci\u00f3 de car\u00e0cter comercial a aquells que ho demandin o ho autoritzin expressament, principalment per mitj\u00e0 del correu electr\u00f2nic.<\/p>\n<p><strong>3.- LEGITIMACI\u00d3 I CONSERVACI\u00d3<\/strong><\/p>\n<p>Legitimaci\u00f3 \u2013 En primer lloc, podem tractar les dades perqu\u00e8 els propis interessats o els seus responsables ens els proporcionen per gestionar el seu registre com a usuari a la web.<\/p>\n<p>Tamb\u00e9 demanem perm\u00eds a aquestes persones per al tractament de les seves dades, per als casos en els quals la legislaci\u00f3 vigent aix\u00ed ens ho exigeix, principalment en relaci\u00f3 amb l&#8217;enviament de correus electr\u00f2nics comercials.<\/p>\n<p>Finalment, en ocasions alguna llei ens va a demanar que presentem o conservem determinada documentaci\u00f3 en la qual poden apareixen dades personals dels nostres clients com pot ser la Llei General Tribut\u00e0ria, per la qual cosa haurem de tractar aquestes dades en el seu compliment.<\/p>\n<p>Conservaci\u00f3 \u2013 Una vegada les dades no siguin necessaris per a les finalitats amb els quals van ser recollits, es conservaran a la disposici\u00f3 de les administracions p\u00fabliques competents, jutges i tribunals durant els terminis legals de conservaci\u00f3, \u00e9s a dir mentre una llei ens pugui exigir que els presentem. Expirats aquests terminis es mantindran bloquejats fins que sigui possible la seva posterior destrucci\u00f3 o supressi\u00f3.<\/p>\n<p><strong>4.- DESTINATARIS FORA DE LA UNI\u00d3 EUROPEA<\/strong><\/p>\n<p>No cedim dades personals a tercers ni comptem amb prove\u00efdors que ens prestin servei basats fora de la Uni\u00f3 Europea.<\/p>\n<p><strong>5.- CONSENTIMENT<\/strong><\/p>\n<p>El consentiment per als seg\u00fcents tractaments es recull de manera lliure, espec\u00edfica, informada i inequ\u00edvoca mitjan\u00e7ant caselles en els propis formularis.<\/p>\n<p>A m\u00e9s, si vost\u00e8 no desitja rebre comunicacions per correu electr\u00f2nic podr\u00e0 oposar-se de manera senzilla en els mateixos formularis.<\/p>\n<p>&#8211; Oposici\u00f3 a rebre comunicacions electr\u00f2niques.<\/p>\n<p><strong>6.- DRETS<\/strong><\/p>\n<p>Vost\u00e8 podr\u00e0:<\/p>\n<p>&#8211; Retirar el seu consentiment o exercir els seus drets de:<\/p>\n<ul>\n<li>Acc\u00e9s, o con\u00e8ixer que dades personals tractem de vost\u00e8.<\/li>\n<li>Rectificaci\u00f3, o corregir dades personals incorrectes o inexactes.<\/li>\n<li>Supressi\u00f3, o a eliminar les dades personals que tenim de vost\u00e8.<\/li>\n<li>Oposici\u00f3, o al fet que deixem de tractar les seves dades personals.<\/li>\n<li>Limitaci\u00f3, o a restringir el tractament que realitzem.<\/li>\n<li>Portabilitat, o al fet que li proporcionem les seves dades personals.<\/li>\n<\/ul>\n<p>Sobre les dades de car\u00e0cter personal presentant una c\u00f2pia d&#8217;un document identificatiu i exposant breument el seu cas i el dret que vol exercir, mitjan\u00e7ant carta dirigida a\u00a0MusicWood\u00a0S.L. C\/ Val\u00e8ncia, 91 08029-Barcelona o a info@musicwood.es<\/p>\n<p>Pot trobar m\u00e9s informaci\u00f3 sobre els seus drets o presentar una reclamaci\u00f3 davant l&#8217;autoritat de control competent en l&#8217;Ag\u00e8ncia Espanyola de Protecci\u00f3 de Dades http:\/\/www.agpd.es &#8211; C\/ Jorge Juan, 6. 28001 \u2013 Madrid (901 100 099 &#8211; 912 663 517)<\/p>\n","protected":false},"excerpt":{"rendered":"<p>1.- RESPONSABLE MusicWood S.L. \u2013 C.I.F. B62186283 Direcci\u00f3 de contacte: C\/ Valencia, 91 08029-Barcelona Correu electr\u00f2nic: info@musicwood.es Tel\u00e8fon de contacte: 659404424 P\u00e0gina web: www.musicwood.es 2.- PROCED\u00c8NCIA, FINALITAT I DESTINATARIS S&#8217;hauran d&#8217;emplenar vera\u00e7ment totes les dades sol\u00b7licitades en el formulari de contacte. &#8211; Dades personals de sol\u00b7licitant. Les dades personals s\u00f3n proporcionats directament pels propis interessats [&#8230;]\n","protected":false},"author":128,"featured_media":0,"parent":0,"menu_order":0,"comment_status":"closed","ping_status":"closed","template":"page-blank-title-center.php","meta":{"_monsterinsights_skip_tracking":false,"_monsterinsights_sitenote_active":false,"_monsterinsights_sitenote_note":"","_monsterinsights_sitenote_category":0,"footnotes":""},"class_list":["post-476","page","type-page","status-publish","hentry"],"yoast_head":"<!-- This site is optimized with the Yoast SEO plugin v24.2 - https:\/\/yoast.com\/wordpress\/plugins\/seo\/ -->\n<title>Pol\u00edtica de privacitat - MusicWood<\/title>\n<meta name=\"robots\" content=\"index, follow, max-snippet:-1, max-image-preview:large, max-video-preview:-1\" \/>\n<link rel=\"canonical\" href=\"https:\/\/musicwood.es\/politica-de-privacitat\/\" \/>\n<meta property=\"og:locale\" content=\"ca_ES\" \/>\n<meta property=\"og:type\" content=\"article\" \/>\n<meta property=\"og:title\" content=\"Pol\u00edtica de privacitat - MusicWood\" \/>\n<meta property=\"og:description\" content=\"1.- RESPONSABLE MusicWood S.L. \u2013 C.I.F. B62186283 Direcci\u00f3 de contacte: C\/ Valencia, 91 08029-Barcelona Correu electr\u00f2nic: info@musicwood.es Tel\u00e8fon de contacte: 659404424 P\u00e0gina web: www.musicwood.es 2.- PROCED\u00c8NCIA, FINALITAT I DESTINATARIS S&#8217;hauran d&#8217;emplenar vera\u00e7ment totes les dades sol\u00b7licitades en el formulari de contacte. &#8211; Dades personals de sol\u00b7licitant. Les dades personals s\u00f3n proporcionats directament pels propis interessats [...]\" \/>\n<meta property=\"og:url\" content=\"https:\/\/musicwood.es\/politica-de-privacitat\/\" \/>\n<meta property=\"og:site_name\" content=\"MusicWood\" \/>\n<meta property=\"article:modified_time\" content=\"2018-12-14T11:13:12+00:00\" \/>\n<meta name=\"twitter:card\" content=\"summary_large_image\" \/>\n<meta name=\"twitter:label1\" content=\"Temps estimat de lectura\" \/>\n\t<meta name=\"twitter:data1\" content=\"3 minuts\" \/>\n<script type=\"application\/ld+json\" class=\"yoast-schema-graph\">{\"@context\":\"https:\/\/schema.org\",\"@graph\":[{\"@type\":\"WebPage\",\"@id\":\"https:\/\/musicwood.es\/politica-de-privacitat\/\",\"url\":\"https:\/\/musicwood.es\/politica-de-privacitat\/\",\"name\":\"Pol\u00edtica de privacitat - MusicWood\",\"isPartOf\":{\"@id\":\"https:\/\/musicwood.es\/#website\"},\"datePublished\":\"2018-11-28T08:48:32+00:00\",\"dateModified\":\"2018-12-14T11:13:12+00:00\",\"breadcrumb\":{\"@id\":\"https:\/\/musicwood.es\/politica-de-privacitat\/#breadcrumb\"},\"inLanguage\":\"ca\",\"potentialAction\":[{\"@type\":\"ReadAction\",\"target\":[\"https:\/\/musicwood.es\/politica-de-privacitat\/\"]}]},{\"@type\":\"BreadcrumbList\",\"@id\":\"https:\/\/musicwood.es\/politica-de-privacitat\/#breadcrumb\",\"itemListElement\":[{\"@type\":\"ListItem\",\"position\":1,\"name\":\"Portada\",\"item\":\"https:\/\/musicwood.es\/musicwood\/\"},{\"@type\":\"ListItem\",\"position\":2,\"name\":\"Pol\u00edtica de privacitat\"}]},{\"@type\":\"WebSite\",\"@id\":\"https:\/\/musicwood.es\/#website\",\"url\":\"https:\/\/musicwood.es\/\",\"name\":\"MusicWood\",\"description\":\"Escuela de m\u00fasica\",\"potentialAction\":[{\"@type\":\"SearchAction\",\"target\":{\"@type\":\"EntryPoint\",\"urlTemplate\":\"https:\/\/musicwood.es\/?s={search_term_string}\"},\"query-input\":{\"@type\":\"PropertyValueSpecification\",\"valueRequired\":true,\"valueName\":\"search_term_string\"}}],\"inLanguage\":\"ca\"}]}<\/script>\n<!-- \/ Yoast SEO plugin. -->","yoast_head_json":{"title":"Pol\u00edtica de privacitat - MusicWood","robots":{"index":"index","follow":"follow","max-snippet":"max-snippet:-1","max-image-preview":"max-image-preview:large","max-video-preview":"max-video-preview:-1"},"canonical":"https:\/\/musicwood.es\/politica-de-privacitat\/","og_locale":"ca_ES","og_type":"article","og_title":"Pol\u00edtica de privacitat - MusicWood","og_description":"1.- RESPONSABLE MusicWood S.L. \u2013 C.I.F. B62186283 Direcci\u00f3 de contacte: C\/ Valencia, 91 08029-Barcelona Correu electr\u00f2nic: info@musicwood.es Tel\u00e8fon de contacte: 659404424 P\u00e0gina web: www.musicwood.es 2.- PROCED\u00c8NCIA, FINALITAT I DESTINATARIS S&#8217;hauran d&#8217;emplenar vera\u00e7ment totes les dades sol\u00b7licitades en el formulari de contacte. &#8211; Dades personals de sol\u00b7licitant. Les dades personals s\u00f3n proporcionats directament pels propis interessats [...]","og_url":"https:\/\/musicwood.es\/politica-de-privacitat\/","og_site_name":"MusicWood","article_modified_time":"2018-12-14T11:13:12+00:00","twitter_card":"summary_large_image","twitter_misc":{"Temps estimat de lectura":"3 minuts"},"schema":{"@context":"https:\/\/schema.org","@graph":[{"@type":"WebPage","@id":"https:\/\/musicwood.es\/politica-de-privacitat\/","url":"https:\/\/musicwood.es\/politica-de-privacitat\/","name":"Pol\u00edtica de privacitat - MusicWood","isPartOf":{"@id":"https:\/\/musicwood.es\/#website"},"datePublished":"2018-11-28T08:48:32+00:00","dateModified":"2018-12-14T11:13:12+00:00","breadcrumb":{"@id":"https:\/\/musicwood.es\/politica-de-privacitat\/#breadcrumb"},"inLanguage":"ca","potentialAction":[{"@type":"ReadAction","target":["https:\/\/musicwood.es\/politica-de-privacitat\/"]}]},{"@type":"BreadcrumbList","@id":"https:\/\/musicwood.es\/politica-de-privacitat\/#breadcrumb","itemListElement":[{"@type":"ListItem","position":1,"name":"Portada","item":"https:\/\/musicwood.es\/musicwood\/"},{"@type":"ListItem","position":2,"name":"Pol\u00edtica de privacitat"}]},{"@type":"WebSite","@id":"https:\/\/musicwood.es\/#website","url":"https:\/\/musicwood.es\/","name":"MusicWood","description":"Escuela de m\u00fasica","potentialAction":[{"@type":"SearchAction","target":{"@type":"EntryPoint","urlTemplate":"https:\/\/musicwood.es\/?s={search_term_string}"},"query-input":{"@type":"PropertyValueSpecification","valueRequired":true,"valueName":"search_term_string"}}],"inLanguage":"ca"}]}},"_links":{"self":[{"href":"https:\/\/musicwood.es\/ca\/wp-json\/wp\/v2\/pages\/476","targetHints":{"allow":["GET"]}}],"collection":[{"href":"https:\/\/musicwood.es\/ca\/wp-json\/wp\/v2\/pages"}],"about":[{"href":"https:\/\/musicwood.es\/ca\/wp-json\/wp\/v2\/types\/page"}],"author":[{"embeddable":true,"href":"https:\/\/musicwood.es\/ca\/wp-json\/wp\/v2\/users\/128"}],"replies":[{"embeddable":true,"href":"https:\/\/musicwood.es\/ca\/wp-json\/wp\/v2\/comments?post=476"}],"version-history":[{"count":4,"href":"https:\/\/musicwood.es\/ca\/wp-json\/wp\/v2\/pages\/476\/revisions"}],"predecessor-version":[{"id":578,"href":"https:\/\/musicwood.es\/ca\/wp-json\/wp\/v2\/pages\/476\/revisions\/578"}],"wp:attachment":[{"href":"https:\/\/musicwood.es\/ca\/wp-json\/wp\/v2\/media?parent=476"}],"curies":[{"name":"wp","href":"https:\/\/api.w.org\/{rel}","templated":true}]}}