{"id":474,"date":"2018-11-28T09:39:35","date_gmt":"2018-11-28T08:39:35","guid":{"rendered":"http:\/\/www.musicwood.es\/?page_id=474"},"modified":"2018-12-14T12:05:00","modified_gmt":"2018-12-14T11:05:00","slug":"avis-legal","status":"publish","type":"page","link":"https:\/\/musicwood.es\/ca\/avis-legal\/","title":{"rendered":"Av\u00eds legal"},"content":{"rendered":"<p><strong>1. INFORMACI\u00d3 LEGAL<\/strong><\/p>\n<p>1.1 En compliment de l&#8217;article 10 de la Llei 34\/2002, d&#8217;11 de juliol, de serveis de la societat de la informaci\u00f3 i de comer\u00e7 electr\u00f2nic (LSSI-CE) presentem la seg\u00fcent informaci\u00f3:<\/p>\n<p>Ra\u00f3 Social:\u00a0MusicWood\u00a0S.L.<\/p>\n<p>Adre\u00e7a: C\/ Valencia, 91 08029-Barcelona<\/p>\n<p>C.I.F.: B65086654<\/p>\n<p>Tel\u00e8fon: 659404424<\/p>\n<p>E-mail: <a href=\"mailto:info@musicwood.es\">info@musicwood.es<\/a><\/p>\n<p><strong>2. PROTECCI\u00d3 DE DADES<\/strong><\/p>\n<p>2.1. Completant el formulari de registre o de contacte, enviant un correu electr\u00f2nic o trucant per tel\u00e8fon, les seves dades personals passaran a ser responsabilitat de l&#8217;empresa les dades de la qual es relacionen a l&#8217;apartat 1. Informaci\u00f3 Legal.<\/p>\n<p>2.2. Aquestes dades s&#8217;utilitzen per respondre a la seva sol\u00b7licitud o consulta com m\u00e9s aviat millor perqu\u00e8 vost\u00e8 ens els proporciona informada i lliurement amb aquesta finalitat. Per a altres tractaments o finalitats relacionats amb la prestaci\u00f3 dels nostres serveis o el desenvolupament de la nostra activitat, vost\u00e8 pot obtenir m\u00e9s informaci\u00f3 en la Pol\u00edtica de Privadesa o sol\u00b7licitar-los en la nostra adre\u00e7a de contacte.<\/p>\n<p><strong>3. LIMITACI\u00d3 DE RESPONSABILITATS<\/strong><\/p>\n<p>3.1. Integra-Tek, S.L. i Associaci\u00f3\u00a0Integratekproporciona el lloc web corporatiu com a mitj\u00e0 de donar a con\u00e8ixer els seus productes i serveis, i permetre el contacte amb els clients. La informaci\u00f3 de la p\u00e0gina web es presenta de bona fe com a certa, per\u00f2 ens reservem el dret a modificar-la sense av\u00eds previ amb les finalitats d&#8217;actualitzar-la, corregir errors i qualssevol unes altres en inter\u00e8s de l&#8217;empresa o dels nostres clients. Per a la contractaci\u00f3 dels productes o serveis de l&#8217;entitat s&#8217;estar\u00e0 al que es disposa en les condicions de contractaci\u00f3 publicades a la p\u00e0gina web.<\/p>\n<p>3.2. L&#8217;entitat no es responsabilitza sobre els possibles danys inform\u00e0tics que pugui sofrir l&#8217;usuari mentre visita la nostra p\u00e0gina web entenent que aquells no puguin ser imputables a l&#8217;entitat.<\/p>\n<p>3.3. L&#8217;entitat tampoc es responsabilitza del contingut dels llocs gestionats per tercers que s&#8217;enllacin des de la p\u00e0gina web, aix\u00ed mateix aquests enlla\u00e7os no implicaran l&#8217;exist\u00e8ncia d&#8217;algun tipus de relaci\u00f3 per part de MusicWood S.L. amb aquests tercers.<\/p>\n<p><strong>4. PROPIETAT INTEL\u00b7LECTUAL<\/strong><\/p>\n<p>4.1. Tots els continguts d&#8217;aquesta p\u00e0gina web entenent com a tals els textos, dibuixos, gr\u00e0fics, fotografies, imatges, v\u00eddeos, m\u00fasica, codi, el propi disseny d&#8217;aquesta i qualsevol altra creaci\u00f3 s\u00f3n propietat de MusicWood S.L. o dels seus respectius titulars mitjan\u00e7ant la corresponent llic\u00e8ncia, autoritzaci\u00f3 o cessi\u00f3 sobre els drets i estan protegits en funci\u00f3 de la legislaci\u00f3 sobre la Propietat Intel\u00b7lectual i Industrial.<\/p>\n<p>4.2. En cap cas s&#8217;entendr\u00e0 que la posada a la disposici\u00f3 del p\u00fablic de la p\u00e0gina web constitueix ren\u00fancia, cessi\u00f3 o llic\u00e8ncia dels drets que MusicWood S.L. t\u00e9 sobre els continguts d&#8217;aquesta.<\/p>\n<p>4.3. Queda prohibit qualsevol \u00fas dels continguts de la nostra p\u00e0gina web inclosa la modificaci\u00f3, c\u00f2pia, reproducci\u00f3, transmissi\u00f3, etc\u00e8tera sense la pr\u00e8via autoritzaci\u00f3 per escrit de l&#8217;entitat.<\/p>\n","protected":false},"excerpt":{"rendered":"<p>1. INFORMACI\u00d3 LEGAL 1.1 En compliment de l&#8217;article 10 de la Llei 34\/2002, d&#8217;11 de juliol, de serveis de la societat de la informaci\u00f3 i de comer\u00e7 electr\u00f2nic (LSSI-CE) presentem la seg\u00fcent informaci\u00f3: Ra\u00f3 Social:\u00a0MusicWood\u00a0S.L. Adre\u00e7a: C\/ Valencia, 91 08029-Barcelona C.I.F.: B65086654 Tel\u00e8fon: 659404424 E-mail: info@musicwood.es 2. PROTECCI\u00d3 DE DADES 2.1. Completant el formulari de [&#8230;]\n","protected":false},"author":128,"featured_media":0,"parent":0,"menu_order":0,"comment_status":"closed","ping_status":"closed","template":"page-blank-title-center.php","meta":{"_monsterinsights_skip_tracking":false,"_monsterinsights_sitenote_active":false,"_monsterinsights_sitenote_note":"","_monsterinsights_sitenote_category":0,"footnotes":""},"class_list":["post-474","page","type-page","status-publish","hentry"],"yoast_head":"<!-- This site is optimized with the Yoast SEO plugin v24.2 - https:\/\/yoast.com\/wordpress\/plugins\/seo\/ -->\n<title>Av\u00eds legal - MusicWood<\/title>\n<meta name=\"robots\" content=\"index, follow, max-snippet:-1, max-image-preview:large, max-video-preview:-1\" \/>\n<link rel=\"canonical\" href=\"https:\/\/musicwood.es\/avis-legal\/\" \/>\n<meta property=\"og:locale\" content=\"ca_ES\" \/>\n<meta property=\"og:type\" content=\"article\" \/>\n<meta property=\"og:title\" content=\"Av\u00eds legal - MusicWood\" \/>\n<meta property=\"og:description\" content=\"1. INFORMACI\u00d3 LEGAL 1.1 En compliment de l&#8217;article 10 de la Llei 34\/2002, d&#8217;11 de juliol, de serveis de la societat de la informaci\u00f3 i de comer\u00e7 electr\u00f2nic (LSSI-CE) presentem la seg\u00fcent informaci\u00f3: Ra\u00f3 Social:\u00a0MusicWood\u00a0S.L. Adre\u00e7a: C\/ Valencia, 91 08029-Barcelona C.I.F.: B65086654 Tel\u00e8fon: 659404424 E-mail: info@musicwood.es 2. PROTECCI\u00d3 DE DADES 2.1. Completant el formulari de [...]\" \/>\n<meta property=\"og:url\" content=\"https:\/\/musicwood.es\/avis-legal\/\" \/>\n<meta property=\"og:site_name\" content=\"MusicWood\" \/>\n<meta property=\"article:modified_time\" content=\"2018-12-14T11:05:00+00:00\" \/>\n<meta name=\"twitter:card\" content=\"summary_large_image\" \/>\n<meta name=\"twitter:label1\" content=\"Temps estimat de lectura\" \/>\n\t<meta name=\"twitter:data1\" content=\"2 minuts\" \/>\n<script type=\"application\/ld+json\" class=\"yoast-schema-graph\">{\"@context\":\"https:\/\/schema.org\",\"@graph\":[{\"@type\":\"WebPage\",\"@id\":\"https:\/\/musicwood.es\/avis-legal\/\",\"url\":\"https:\/\/musicwood.es\/avis-legal\/\",\"name\":\"Av\u00eds legal - MusicWood\",\"isPartOf\":{\"@id\":\"https:\/\/musicwood.es\/#website\"},\"datePublished\":\"2018-11-28T08:39:35+00:00\",\"dateModified\":\"2018-12-14T11:05:00+00:00\",\"breadcrumb\":{\"@id\":\"https:\/\/musicwood.es\/avis-legal\/#breadcrumb\"},\"inLanguage\":\"ca\",\"potentialAction\":[{\"@type\":\"ReadAction\",\"target\":[\"https:\/\/musicwood.es\/avis-legal\/\"]}]},{\"@type\":\"BreadcrumbList\",\"@id\":\"https:\/\/musicwood.es\/avis-legal\/#breadcrumb\",\"itemListElement\":[{\"@type\":\"ListItem\",\"position\":1,\"name\":\"Portada\",\"item\":\"https:\/\/musicwood.es\/musicwood\/\"},{\"@type\":\"ListItem\",\"position\":2,\"name\":\"Av\u00eds legal\"}]},{\"@type\":\"WebSite\",\"@id\":\"https:\/\/musicwood.es\/#website\",\"url\":\"https:\/\/musicwood.es\/\",\"name\":\"MusicWood\",\"description\":\"Escuela de m\u00fasica\",\"potentialAction\":[{\"@type\":\"SearchAction\",\"target\":{\"@type\":\"EntryPoint\",\"urlTemplate\":\"https:\/\/musicwood.es\/?s={search_term_string}\"},\"query-input\":{\"@type\":\"PropertyValueSpecification\",\"valueRequired\":true,\"valueName\":\"search_term_string\"}}],\"inLanguage\":\"ca\"}]}<\/script>\n<!-- \/ Yoast SEO plugin. -->","yoast_head_json":{"title":"Av\u00eds legal - MusicWood","robots":{"index":"index","follow":"follow","max-snippet":"max-snippet:-1","max-image-preview":"max-image-preview:large","max-video-preview":"max-video-preview:-1"},"canonical":"https:\/\/musicwood.es\/avis-legal\/","og_locale":"ca_ES","og_type":"article","og_title":"Av\u00eds legal - MusicWood","og_description":"1. INFORMACI\u00d3 LEGAL 1.1 En compliment de l&#8217;article 10 de la Llei 34\/2002, d&#8217;11 de juliol, de serveis de la societat de la informaci\u00f3 i de comer\u00e7 electr\u00f2nic (LSSI-CE) presentem la seg\u00fcent informaci\u00f3: Ra\u00f3 Social:\u00a0MusicWood\u00a0S.L. Adre\u00e7a: C\/ Valencia, 91 08029-Barcelona C.I.F.: B65086654 Tel\u00e8fon: 659404424 E-mail: info@musicwood.es 2. PROTECCI\u00d3 DE DADES 2.1. Completant el formulari de [...]","og_url":"https:\/\/musicwood.es\/avis-legal\/","og_site_name":"MusicWood","article_modified_time":"2018-12-14T11:05:00+00:00","twitter_card":"summary_large_image","twitter_misc":{"Temps estimat de lectura":"2 minuts"},"schema":{"@context":"https:\/\/schema.org","@graph":[{"@type":"WebPage","@id":"https:\/\/musicwood.es\/avis-legal\/","url":"https:\/\/musicwood.es\/avis-legal\/","name":"Av\u00eds legal - MusicWood","isPartOf":{"@id":"https:\/\/musicwood.es\/#website"},"datePublished":"2018-11-28T08:39:35+00:00","dateModified":"2018-12-14T11:05:00+00:00","breadcrumb":{"@id":"https:\/\/musicwood.es\/avis-legal\/#breadcrumb"},"inLanguage":"ca","potentialAction":[{"@type":"ReadAction","target":["https:\/\/musicwood.es\/avis-legal\/"]}]},{"@type":"BreadcrumbList","@id":"https:\/\/musicwood.es\/avis-legal\/#breadcrumb","itemListElement":[{"@type":"ListItem","position":1,"name":"Portada","item":"https:\/\/musicwood.es\/musicwood\/"},{"@type":"ListItem","position":2,"name":"Av\u00eds legal"}]},{"@type":"WebSite","@id":"https:\/\/musicwood.es\/#website","url":"https:\/\/musicwood.es\/","name":"MusicWood","description":"Escuela de m\u00fasica","potentialAction":[{"@type":"SearchAction","target":{"@type":"EntryPoint","urlTemplate":"https:\/\/musicwood.es\/?s={search_term_string}"},"query-input":{"@type":"PropertyValueSpecification","valueRequired":true,"valueName":"search_term_string"}}],"inLanguage":"ca"}]}},"_links":{"self":[{"href":"https:\/\/musicwood.es\/ca\/wp-json\/wp\/v2\/pages\/474","targetHints":{"allow":["GET"]}}],"collection":[{"href":"https:\/\/musicwood.es\/ca\/wp-json\/wp\/v2\/pages"}],"about":[{"href":"https:\/\/musicwood.es\/ca\/wp-json\/wp\/v2\/types\/page"}],"author":[{"embeddable":true,"href":"https:\/\/musicwood.es\/ca\/wp-json\/wp\/v2\/users\/128"}],"replies":[{"embeddable":true,"href":"https:\/\/musicwood.es\/ca\/wp-json\/wp\/v2\/comments?post=474"}],"version-history":[{"count":3,"href":"https:\/\/musicwood.es\/ca\/wp-json\/wp\/v2\/pages\/474\/revisions"}],"predecessor-version":[{"id":574,"href":"https:\/\/musicwood.es\/ca\/wp-json\/wp\/v2\/pages\/474\/revisions\/574"}],"wp:attachment":[{"href":"https:\/\/musicwood.es\/ca\/wp-json\/wp\/v2\/media?parent=474"}],"curies":[{"name":"wp","href":"https:\/\/api.w.org\/{rel}","templated":true}]}}