{"id":470,"date":"2018-11-28T09:36:18","date_gmt":"2018-11-28T08:36:18","guid":{"rendered":"http:\/\/www.musicwood.es\/?page_id=470"},"modified":"2020-12-28T14:16:31","modified_gmt":"2020-12-28T13:16:31","slug":"politica-de-cookies","status":"publish","type":"page","link":"https:\/\/musicwood.es\/ca\/politica-de-cookies\/","title":{"rendered":"Pol\u00edtica de cookies"},"content":{"rendered":"<p>De conformitat amb la normativa espanyola que regula l&#8217;\u00fas de&nbsp;cookies&nbsp;en relaci\u00f3 a la prestaci\u00f3 de serveis de comunicacions electr\u00f2niques, recollida en el Reial decret-llei 13\/2012, de 30 de mar\u00e7, li informem sobre les&nbsp;cookies&nbsp;utilitzades en el lloc web de&nbsp;<strong>MusicWood&nbsp;<\/strong>i el motiu del seu \u00fas. Aix\u00ed mateix, <strong>MusicWood S.L.<\/strong> li informa que en navegar en el Lloc web vost\u00e8 est\u00e0 prestant el seu consentiment per poder utilitzar-les<\/p>\n<p>Les&nbsp;cookies&nbsp;utilitzades en el nostre Lloc web, s\u00f3n pr\u00f2pies i de tercers, i ens permeten emmagatzemar i accedir a informaci\u00f3 relativa a l&#8217;idioma, el tipus de navegador utilitzat, i altres caracter\u00edstiques generals predefinides per l&#8217;usuari, aix\u00ed com, seguir i analitzar l&#8217;activitat que duu a terme, amb l&#8217;objecte d&#8217;introduir millores i prestar els nostres serveis d&#8217;una manera m\u00e9s eficient i personalitzada.&nbsp;<strong>MusicWood S.L.<\/strong> no utilitza&nbsp;cookies&nbsp;publicit\u00e0ries o de publicitat&nbsp;comportamental.<\/p>\n<p>La utilitzaci\u00f3 de les&nbsp;cookies&nbsp;ofereix nombrosos avantatges en la prestaci\u00f3 de serveis de la societat de la informaci\u00f3, ja que, entre unes altres: (i) facilita a l&#8217;usuari la navegaci\u00f3 en el Lloc web i l&#8217;acc\u00e9s als diferents serveis que ofereix; (ii)evita a l&#8217;usuari configurar les caracter\u00edstiques generals predefinides cada vegada que accedeix al Lloc web; (iii)&nbsp;afavoreix la millora del funcionament i dels serveis prestats a trav\u00e9s del Lloc web, despr\u00e9s de la corresponent an\u00e0lisi de la informaci\u00f3 obtinguda a trav\u00e9s de les&nbsp;cookiesinstal\u00b7lades.<\/p>\n<p>No obstant aix\u00f2, pot configurar el seu navegador, acceptant o rebutjant totes les&nbsp;cookies, o b\u00e9 seleccionar aquelles la instal\u00b7laci\u00f3 de les quals admet i quins no, seguint un dels seg\u00fcents procediments, depenent del navegador utilitzat:<\/p>\n<p><strong>Google Chrome<\/strong> (al Men\u00fa Eines)<\/p>\n<p>Configuraci\u00f3 &gt; Mostrar opcions avan\u00e7ades &gt; Privacitat (Configuraci\u00f3 de Contingut) &gt; Cookies<\/p>\n<p>M\u00e9s informaci\u00f3: <a href=\"https:\/\/support.google.com\/chrome\/answer\/95647?hl=es%20%20\">https:\/\/support.google.com\/chrome\/answer\/95647?hl=es <\/a><\/p>\n<p><strong>Microsoft Internet Explorer<\/strong> (al Men\u00fa Eines)<\/p>\n<p>Opcions d&#8217;Internet &gt; Privacitat &gt; Avan\u00e7ada<\/p>\n<p>M\u00e9s informaci\u00f3: <a href=\"http:\/\/windows.microsoft.com\/es-es\/internet-explorer\/delete-manage-cookies%23ie=ie-9%20%20\">http:\/\/windows.microsoft.com\/es-es\/internet-explorer\/delete-manage-cookies#ie=ie-9 <\/a><\/p>\n<p><strong>Firefox<\/strong><\/p>\n<p>Opcions &gt; Privacitat &gt; Cookies<\/p>\n<p>M\u00e9s informaci\u00f3: <a href=\"http:\/\/support.mozilla.org\/es\/kb\/habilitar-y-deshabilitar-cookies-que-los-sitios-we%20%20\">http:\/\/support.mozilla.org\/es\/kb\/habilitar-y-deshabilitar-cookies-que-los-sitios-we <\/a><\/p>\n<p><strong>Safari<\/strong>, iPad i iPhone<\/p>\n<p>Prefer\u00e8ncies &gt; Privacitat<\/p>\n<p>M\u00e9s informaci\u00f3: <a href=\"http:\/\/www.apple.com\/es\/privacy\/use-of-cookies\/%20%20\">http:\/\/www.apple.com\/es\/privacy\/use-of-cookies\/ <\/a><\/p>\n<p><strong>Opera<\/strong><\/p>\n<p>Configuraci\u00f3 &gt; Opcions &gt; Avan\u00e7at &gt; Cookies<\/p>\n<p>M\u00e9s informaci\u00f3: <a href=\"http:\/\/help.opera.com\/Linux\/10.60\/es-ES\/cookies.html%20%20\">http:\/\/help.opera.com\/Linux\/10.60\/es-ES\/cookies.html <\/a><\/p>\n<p><strong>&nbsp;<\/strong><strong>&nbsp;<\/strong><\/p>\n<p><strong>MusicWood utiliza al seu lloc web:<\/strong><\/p>\n<table width=\"497\">\n<thead>\n<tr>\n<td><strong>Cookie<\/strong><\/td>\n<td><strong>Nom<\/strong><\/td>\n<td><strong>Objectiu<\/strong><\/td>\n<td><strong>M\u00e9s informaci\u00f3<\/strong><\/td>\n<\/tr>\n<\/thead>\n<tbody>\n<tr>\n<td>Google Analytics<\/td>\n<td>__utma<\/td>\n<td>Aquesta&nbsp;cookie&nbsp;mant\u00e9 un registre del nombre de vegades que un usuari ha estat en un lloc, quan va ser la seva primera visita, i quan es va produir la seva \u00faltima visita.<\/td>\n<td><u><a href=\"http:\/\/www.google.es\/intl\/es\/policies\/privacy\/\">&#8211; Centre de privacitat de Google<\/a><\/u><\/p>\n<p><a href=\"https:\/\/tools.google.com\/dlpage\/gaoptout?hl=es\">&#8211; Complement d&#8217;inhabilitaci\u00f3 de Google Analytics<\/a><\/td>\n<\/tr>\n<tr>\n<td>Google Analytics<\/td>\n<td>__utmb<\/td>\n<td>Aquesta&nbsp;cookie&nbsp;ajuda a calcular quant temps dura la visita d&#8217;un usuari emmagatzemant el moment en el qual va entrar.<\/td>\n<td><u><a href=\"http:\/\/www.google.es\/intl\/es\/policies\/privacy\/\">&#8211; Centre de privacitat de Google<\/a><\/u><\/p>\n<p><a href=\"https:\/\/tools.google.com\/dlpage\/gaoptout?hl=es\">&#8211; Complement d&#8217;inhabilitaci\u00f3 de Google Analytics<\/a><\/td>\n<\/tr>\n<tr>\n<td>Google Analytics<\/td>\n<td>__utmc<\/td>\n<td>Aquesta&nbsp;cookie&nbsp;ajuda a calcular quant temps dura la visita d&#8217;un usuari emmagatzemant el moment en el qual surt de la p\u00e0gina.<\/td>\n<td><u><a href=\"http:\/\/www.google.es\/intl\/es\/policies\/privacy\/\">&#8211; Centre de privacitat de Google<\/a><\/u><\/p>\n<p><a href=\"https:\/\/tools.google.com\/dlpage\/gaoptout?hl=es\">&#8211; Complement d&#8217;inhabilitaci\u00f3 de Google Analytics<\/a><\/td>\n<\/tr>\n<tr>\n<td>Google Analytics<\/td>\n<td>__utmz<\/td>\n<td>Aquesta&nbsp;cookie&nbsp;mant\u00e9 un seguiment d&#8217;on prov\u00e9 el visitant, quin motor de cerca es va utilitzar, en qu\u00e8 enlla\u00e7 va fer clic, quines paraules clau va utilitzar i des d&#8217;en quin lloc del m\u00f3n es va accedir a la p\u00e0gina.<\/td>\n<td><u><a href=\"http:\/\/www.google.es\/intl\/es\/policies\/privacy\/\">&#8211; Centre de privacitat de Google<\/a><\/u><\/p>\n<p><a href=\"https:\/\/tools.google.com\/dlpage\/gaoptout?hl=es\">&#8211; Complement d&#8217;inhabilitaci\u00f3 de Google Analytics<\/a><\/td>\n<\/tr>\n<tr>\n<td>Google Analytics<\/td>\n<td>__utmli<\/td>\n<td>Aquestes&nbsp;cookies&nbsp;de Google&nbsp;Analytics&nbsp;generen un ID d&#8217;usuari an\u00f2nim, que \u00e9s el que s&#8217;utilitza per fer recompte de quantes vegades visita el lloc un usuari. Tamb\u00e9 registra quan va ser la primera i l&#8217;\u00faltima vegada que va visitar la web. Aix\u00ed mateix, calcula quan s&#8217;ha acabat una sessi\u00f3, origen de l&#8217;usuari, i&nbsp;keywords.<\/td>\n<td><u><a href=\"http:\/\/www.google.es\/intl\/es\/policies\/privacy\/\">&#8211; Centre de privacitat de Google<\/a><\/u><\/p>\n<p><a href=\"https:\/\/tools.google.com\/dlpage\/gaoptout?hl=es\">&#8211; Complement<\/a><a href=\"https:\/\/tools.google.com\/dlpage\/gaoptout?hl=es\"> d&#8217;inhabilitaci\u00f3 de Google Analytics<\/a><\/td>\n<\/tr>\n<tr>\n<td>YouTube<\/td>\n<td>Visitor_Info1<\/p>\n<p>_Live<\/td>\n<td>El seu prop\u00f2sit \u00e9s estimar l&#8217;ample de banda de l&#8217;Usuari.<\/td>\n<td>&#8211;<a href=\"http:\/\/www.youtube.com\/static?gl=ES&amp;template=terms&amp;hl=es\">Pol\u00edtica de privacitat<\/a><\/td>\n<\/tr>\n<tr>\n<td>YouTube<\/td>\n<td>use_hitbox<\/td>\n<td>El seu prop\u00f2sit \u00e9s incrementar el comptador de visites d&#8217;Usuaris a un determinat v\u00eddeo de YouTube.<\/td>\n<td>&#8211;<a href=\"http:\/\/www.youtube.com\/static?gl=ES&amp;template=terms&amp;hl=es\">Pol\u00edtica de privacidad<\/a><\/td>\n<\/tr>\n<tr>\n<td>YouTube<\/td>\n<td>PREF<\/td>\n<td>La seva finalitat \u00e9s guardar les prefer\u00e8ncies de sessi\u00f3 sobre l&#8217;activitat de visionat durant la navegaci\u00f3 de l&#8217;Usuari. Aquestes&nbsp;cookies&nbsp;no emmagatzemen informaci\u00f3 que ens permeti identificar a l&#8217;Usuari.<\/td>\n<td>&#8211;<a href=\"http:\/\/www.youtube.com\/static?gl=ES&amp;template=terms&amp;hl=es\">Pol\u00edtica de privacitat<\/a><\/td>\n<\/tr>\n<tr>\n<td>Lockerz Share<\/td>\n<td>AddToAny<\/td>\n<td>&#8220;AddToAny&nbsp;\u00e9s una plataforma de marcadors socials&#8230; que es pot integrar en un lloc web amb l&#8217;\u00fas d&#8217;un giny web. Una vegada instal\u00b7lat, els visitants del lloc web pot compartir o guardar un element utilitzant una varietat de serveis, com Facebook, Twitter, correu electr\u00f2nic&#8230;&#8221;<\/td>\n<td><a href=\"http:\/\/www.addtoany.com\/privacy\">-Pol\u00edtica de privacitat<\/a><\/td>\n<\/tr>\n<\/tbody>\n<\/table>\n<p>En altres llocs de&nbsp;<strong>MusicWood<\/strong>&nbsp;s&#8217;instal\u00b7len&nbsp;cookiesde tercers a tots els seus visitants, encara que no siguin usuaris registrats en les corresponents plataformes:<\/p>\n<ul>\n<li><strong>MusicWood<\/strong>&nbsp;a&nbsp;<u>Facebook<\/u>. <em>Cookies<\/em>: datr, reg_fb_gate y reg_fb_ref. Els seus objectius estan descrits a la <a href=\"https:\/\/www.facebook.com\/help\/cookies\">P\u00e0gina de Cookies de Facebook<\/a>.<\/li>\n<li><strong>MusicWood<\/strong>&nbsp;a&nbsp;<u>Twitter<\/u>. <em>Cookies<\/em>: guest_id, __utma, __utmb, __utmc, __utmz, original_referer y _twitter_sess. Els seus objectius estan descrits a la <a href=\"https:\/\/twitter.com\/privacy\">P\u00e1gina de Privacitat de Twitter<\/a>.<\/li>\n<li><strong>MusicWood<\/strong>&nbsp;a&nbsp;<u>LinkedIn<\/u>.&nbsp; <em>Cookies<\/em>: JSESSIONID, visit, bcookie, S-LI-IDC, L1e, X-LI-IDC, _qca, RT, __utma, __utmb, __utmc, __utmz, __utmv, leo_auth_token, lang. Els seus objectius estan descrits a la <a href=\"http:\/\/www.linkedin.com\/legal\/cookie-policy?trk=hb_ft_cookie\">P\u00e1gina de Cookies de LinkedIn<\/a>.<\/li>\n<li><strong>MusicWood <\/strong>a&nbsp;Instagram. Els seus objectius estan descrits a la <a href=\"http:\/\/instagram.com\/legal\/cookies\/\">P\u00e0gina de Cookies d&#8217;Instagram<\/a>.<\/li>\n<\/ul>\n","protected":false},"excerpt":{"rendered":"<p>De conformitat amb la normativa espanyola que regula l&#8217;\u00fas de&nbsp;cookies&nbsp;en relaci\u00f3 a la prestaci\u00f3 de serveis de comunicacions electr\u00f2niques, recollida en el Reial decret-llei 13\/2012, de 30 de mar\u00e7, li informem sobre les&nbsp;cookies&nbsp;utilitzades en el lloc web de&nbsp;MusicWood&nbsp;i el motiu del seu \u00fas. Aix\u00ed mateix, MusicWood S.L. li informa que en navegar en el Lloc [&#8230;]\n","protected":false},"author":128,"featured_media":0,"parent":0,"menu_order":0,"comment_status":"closed","ping_status":"closed","template":"page-blank-title-center.php","meta":{"_monsterinsights_skip_tracking":false,"_monsterinsights_sitenote_active":false,"_monsterinsights_sitenote_note":"","_monsterinsights_sitenote_category":0,"footnotes":""},"class_list":["post-470","page","type-page","status-publish","hentry"],"yoast_head":"<!-- This site is optimized with the Yoast SEO plugin v24.2 - https:\/\/yoast.com\/wordpress\/plugins\/seo\/ -->\n<title>Pol\u00edtica de cookies - MusicWood<\/title>\n<meta name=\"robots\" content=\"index, follow, max-snippet:-1, max-image-preview:large, max-video-preview:-1\" \/>\n<link rel=\"canonical\" href=\"https:\/\/musicwood.es\/politica-de-cookies\/\" \/>\n<meta property=\"og:locale\" content=\"ca_ES\" \/>\n<meta property=\"og:type\" content=\"article\" \/>\n<meta property=\"og:title\" content=\"Pol\u00edtica de cookies - MusicWood\" \/>\n<meta property=\"og:description\" content=\"De conformitat amb la normativa espanyola que regula l&#8217;\u00fas de&nbsp;cookies&nbsp;en relaci\u00f3 a la prestaci\u00f3 de serveis de comunicacions electr\u00f2niques, recollida en el Reial decret-llei 13\/2012, de 30 de mar\u00e7, li informem sobre les&nbsp;cookies&nbsp;utilitzades en el lloc web de&nbsp;MusicWood&nbsp;i el motiu del seu \u00fas. Aix\u00ed mateix, MusicWood S.L. li informa que en navegar en el Lloc [...]\" \/>\n<meta property=\"og:url\" content=\"https:\/\/musicwood.es\/politica-de-cookies\/\" \/>\n<meta property=\"og:site_name\" content=\"MusicWood\" \/>\n<meta property=\"article:modified_time\" content=\"2020-12-28T13:16:31+00:00\" \/>\n<meta name=\"twitter:card\" content=\"summary_large_image\" \/>\n<meta name=\"twitter:label1\" content=\"Temps estimat de lectura\" \/>\n\t<meta name=\"twitter:data1\" content=\"5 minuts\" \/>\n<script type=\"application\/ld+json\" class=\"yoast-schema-graph\">{\"@context\":\"https:\/\/schema.org\",\"@graph\":[{\"@type\":\"WebPage\",\"@id\":\"https:\/\/musicwood.es\/politica-de-cookies\/\",\"url\":\"https:\/\/musicwood.es\/politica-de-cookies\/\",\"name\":\"Pol\u00edtica de cookies - MusicWood\",\"isPartOf\":{\"@id\":\"https:\/\/musicwood.es\/#website\"},\"datePublished\":\"2018-11-28T08:36:18+00:00\",\"dateModified\":\"2020-12-28T13:16:31+00:00\",\"breadcrumb\":{\"@id\":\"https:\/\/musicwood.es\/politica-de-cookies\/#breadcrumb\"},\"inLanguage\":\"ca\",\"potentialAction\":[{\"@type\":\"ReadAction\",\"target\":[\"https:\/\/musicwood.es\/politica-de-cookies\/\"]}]},{\"@type\":\"BreadcrumbList\",\"@id\":\"https:\/\/musicwood.es\/politica-de-cookies\/#breadcrumb\",\"itemListElement\":[{\"@type\":\"ListItem\",\"position\":1,\"name\":\"Portada\",\"item\":\"https:\/\/musicwood.es\/musicwood\/\"},{\"@type\":\"ListItem\",\"position\":2,\"name\":\"Pol\u00edtica de cookies\"}]},{\"@type\":\"WebSite\",\"@id\":\"https:\/\/musicwood.es\/#website\",\"url\":\"https:\/\/musicwood.es\/\",\"name\":\"MusicWood\",\"description\":\"Escuela de m\u00fasica\",\"potentialAction\":[{\"@type\":\"SearchAction\",\"target\":{\"@type\":\"EntryPoint\",\"urlTemplate\":\"https:\/\/musicwood.es\/?s={search_term_string}\"},\"query-input\":{\"@type\":\"PropertyValueSpecification\",\"valueRequired\":true,\"valueName\":\"search_term_string\"}}],\"inLanguage\":\"ca\"}]}<\/script>\n<!-- \/ Yoast SEO plugin. -->","yoast_head_json":{"title":"Pol\u00edtica de cookies - MusicWood","robots":{"index":"index","follow":"follow","max-snippet":"max-snippet:-1","max-image-preview":"max-image-preview:large","max-video-preview":"max-video-preview:-1"},"canonical":"https:\/\/musicwood.es\/politica-de-cookies\/","og_locale":"ca_ES","og_type":"article","og_title":"Pol\u00edtica de cookies - MusicWood","og_description":"De conformitat amb la normativa espanyola que regula l&#8217;\u00fas de&nbsp;cookies&nbsp;en relaci\u00f3 a la prestaci\u00f3 de serveis de comunicacions electr\u00f2niques, recollida en el Reial decret-llei 13\/2012, de 30 de mar\u00e7, li informem sobre les&nbsp;cookies&nbsp;utilitzades en el lloc web de&nbsp;MusicWood&nbsp;i el motiu del seu \u00fas. Aix\u00ed mateix, MusicWood S.L. li informa que en navegar en el Lloc [...]","og_url":"https:\/\/musicwood.es\/politica-de-cookies\/","og_site_name":"MusicWood","article_modified_time":"2020-12-28T13:16:31+00:00","twitter_card":"summary_large_image","twitter_misc":{"Temps estimat de lectura":"5 minuts"},"schema":{"@context":"https:\/\/schema.org","@graph":[{"@type":"WebPage","@id":"https:\/\/musicwood.es\/politica-de-cookies\/","url":"https:\/\/musicwood.es\/politica-de-cookies\/","name":"Pol\u00edtica de cookies - MusicWood","isPartOf":{"@id":"https:\/\/musicwood.es\/#website"},"datePublished":"2018-11-28T08:36:18+00:00","dateModified":"2020-12-28T13:16:31+00:00","breadcrumb":{"@id":"https:\/\/musicwood.es\/politica-de-cookies\/#breadcrumb"},"inLanguage":"ca","potentialAction":[{"@type":"ReadAction","target":["https:\/\/musicwood.es\/politica-de-cookies\/"]}]},{"@type":"BreadcrumbList","@id":"https:\/\/musicwood.es\/politica-de-cookies\/#breadcrumb","itemListElement":[{"@type":"ListItem","position":1,"name":"Portada","item":"https:\/\/musicwood.es\/musicwood\/"},{"@type":"ListItem","position":2,"name":"Pol\u00edtica de cookies"}]},{"@type":"WebSite","@id":"https:\/\/musicwood.es\/#website","url":"https:\/\/musicwood.es\/","name":"MusicWood","description":"Escuela de m\u00fasica","potentialAction":[{"@type":"SearchAction","target":{"@type":"EntryPoint","urlTemplate":"https:\/\/musicwood.es\/?s={search_term_string}"},"query-input":{"@type":"PropertyValueSpecification","valueRequired":true,"valueName":"search_term_string"}}],"inLanguage":"ca"}]}},"_links":{"self":[{"href":"https:\/\/musicwood.es\/ca\/wp-json\/wp\/v2\/pages\/470","targetHints":{"allow":["GET"]}}],"collection":[{"href":"https:\/\/musicwood.es\/ca\/wp-json\/wp\/v2\/pages"}],"about":[{"href":"https:\/\/musicwood.es\/ca\/wp-json\/wp\/v2\/types\/page"}],"author":[{"embeddable":true,"href":"https:\/\/musicwood.es\/ca\/wp-json\/wp\/v2\/users\/128"}],"replies":[{"embeddable":true,"href":"https:\/\/musicwood.es\/ca\/wp-json\/wp\/v2\/comments?post=470"}],"version-history":[{"count":2,"href":"https:\/\/musicwood.es\/ca\/wp-json\/wp\/v2\/pages\/470\/revisions"}],"predecessor-version":[{"id":1802,"href":"https:\/\/musicwood.es\/ca\/wp-json\/wp\/v2\/pages\/470\/revisions\/1802"}],"wp:attachment":[{"href":"https:\/\/musicwood.es\/ca\/wp-json\/wp\/v2\/media?parent=470"}],"curies":[{"name":"wp","href":"https:\/\/api.w.org\/{rel}","templated":true}]}}