{"id":414,"date":"2018-11-26T09:43:39","date_gmt":"2018-11-26T08:43:39","guid":{"rendered":"http:\/\/www.musicwood.es\/?page_id=414"},"modified":"2021-09-20T16:17:40","modified_gmt":"2021-09-20T14:17:40","slug":"escola","status":"publish","type":"page","link":"https:\/\/musicwood.es\/ca\/escola\/","title":{"rendered":"L&#8217;escola"},"content":{"rendered":"<p><script type=\"text\/javascript\" src=\"\/\/downloads.mailchimp.com\/js\/signup-forms\/popup\/unique-methods\/embed.js\" data-dojo-config=\"usePlainJson: true, isDebug: false\"><\/script><script type=\"text\/javascript\">window.dojoRequire([\"mojo\/signup-forms\/Loader\"], function(L) { L.start({\"baseUrl\":\"mc.us7.list-manage.com\",\"uuid\":\"0af6b89333521b904ab037af8\",\"lid\":\"0f5b95c43d\",\"uniqueMethods\":true}) })<\/script><\/p>\n<div class=\"row\" style=\"max-width:\" id=\"row-1401950191\">\n<div class=\"col small-12 large-12\"  ><div class=\"col-inner\"  >\n\t<div class=\"img has-hover x md-x lg-x y md-y lg-y\" id=\"image_1032083226\">\n\t\t\t\t\t\t\t\t<div class=\"img-inner image-cover dark\" style=\"padding-top:36%;\">\n\t\t\t<img loading=\"lazy\" decoding=\"async\" width=\"800\" height=\"380\" src=\"https:\/\/musicwood.es\/wp-content\/uploads\/2018\/11\/Escuela-MusicWood.jpg\" class=\"attachment-large size-large\" alt=\"\" srcset=\"https:\/\/musicwood.es\/wp-content\/uploads\/2018\/11\/Escuela-MusicWood.jpg 800w, https:\/\/musicwood.es\/wp-content\/uploads\/2018\/11\/Escuela-MusicWood-768x365.jpg 768w, https:\/\/musicwood.es\/wp-content\/uploads\/2018\/11\/Escuela-MusicWood-600x285.jpg 600w\" sizes=\"auto, (max-width: 800px) 100vw, 800px\" \/>\t\t\t\t\t\t\n\t\t\t\t\t<\/div>\n\t\t\t\t\t\t\t\t\n<style scope=\"scope\">\n\n#image_1032083226 {\n  width: 100%;\n}\n<\/style>\n\t<\/div>\n\t\n<\/div><\/div>\n\n<style scope=\"scope\">\n\n<\/style>\n<\/div>\n<div class=\"row\"  id=\"row-1855890971\">\n<div class=\"col small-12 large-12\"  ><div class=\"col-inner\"  >\n<h2 style=\"text-align: center;\">Formant m\u00fasics de totes les edats des de 1995<\/h2>\n<p style=\"text-align: center;\"><span style=\"font-size: 110%;\">Amb m\u00e9s de 20 anys d&#8217;experi\u00e8ncia\u00a0MusicWood\u00a0\u00e9s una de les escoles de m\u00fasica de refer\u00e8ncia al barri de l&#8217;Eixample de Barcelona.<\/span><\/p>\n<\/div><\/div>\n<\/div>\n<div class=\"row row-divided\"  id=\"row-1851072083\">\n<div class=\"col medium-4 large-4\"  ><div class=\"col-inner\"  >\n\n\t\t<div class=\"icon-box featured-box icon-box-center text-center\"  style=\"margin:0px 0px 0px 0px;\">\n\t\t\t\t\t<div class=\"icon-box-img\" style=\"width: 50px\">\n\t\t\t\t<div class=\"icon\">\n\t\t\t\t\t<div class=\"icon-inner\" style=\"color:rgb(182, 182, 182);\">\n\t\t\t\t\t\t<img loading=\"lazy\" decoding=\"async\" width=\"400\" height=\"400\" src=\"https:\/\/musicwood.es\/wp-content\/uploads\/2018\/11\/music-player-1-400x400.png\" class=\"attachment-medium size-medium\" alt=\"\" srcset=\"https:\/\/musicwood.es\/wp-content\/uploads\/2018\/11\/music-player-1-400x400.png 400w, https:\/\/musicwood.es\/wp-content\/uploads\/2018\/11\/music-player-1-280x280.png 280w, https:\/\/musicwood.es\/wp-content\/uploads\/2018\/11\/music-player-1-300x300.png 300w, https:\/\/musicwood.es\/wp-content\/uploads\/2018\/11\/music-player-1-100x100.png 100w, https:\/\/musicwood.es\/wp-content\/uploads\/2018\/11\/music-player-1.png 512w\" sizes=\"auto, (max-width: 400px) 100vw, 400px\" \/>\t\t\t\t\t<\/div>\n\t\t\t\t<\/div>\n\t\t\t<\/div>\n\t\t\t\t<div class=\"icon-box-text last-reset\">\n\t\t\t<h5 class=\"uppercase\">APTE PER A TOTS ELS NIVELLS<\/h5>\t\t\t\t\t\t\n<p>Classes musicals a partir de 3 anys. Ens adaptem al nivell de cada alumne per proporcionar una educaci\u00f3 adequada.<\/p>\n\t\t<\/div>\n\t<\/div><!-- .icon-box -->\n\t\n\t\n<\/div><\/div>\n<div class=\"col medium-4 large-4\"  ><div class=\"col-inner\"  >\n\n\t\t<div class=\"icon-box featured-box icon-box-center text-center\"  style=\"margin:0px 0px 0px 0px;\">\n\t\t\t\t\t<div class=\"icon-box-img\" style=\"width: 50px\">\n\t\t\t\t<div class=\"icon\">\n\t\t\t\t\t<div class=\"icon-inner\" style=\"color:rgb(182, 182, 182);\">\n\t\t\t\t\t\t<img loading=\"lazy\" decoding=\"async\" width=\"400\" height=\"400\" src=\"https:\/\/musicwood.es\/wp-content\/uploads\/2018\/11\/idea-400x400.png\" class=\"attachment-medium size-medium\" alt=\"\" srcset=\"https:\/\/musicwood.es\/wp-content\/uploads\/2018\/11\/idea-400x400.png 400w, https:\/\/musicwood.es\/wp-content\/uploads\/2018\/11\/idea-280x280.png 280w, https:\/\/musicwood.es\/wp-content\/uploads\/2018\/11\/idea-300x300.png 300w, https:\/\/musicwood.es\/wp-content\/uploads\/2018\/11\/idea.png 600w, https:\/\/musicwood.es\/wp-content\/uploads\/2018\/11\/idea-100x100.png 100w\" sizes=\"auto, (max-width: 400px) 100vw, 400px\" \/>\t\t\t\t\t<\/div>\n\t\t\t\t<\/div>\n\t\t\t<\/div>\n\t\t\t\t<div class=\"icon-box-text last-reset\">\n\t\t\t<h5 class=\"uppercase\">APRENENTATGE PERSONALITZAT<\/h5>\t\t\t\t\t\t\n<p>Valorem les necessitats i inquietuds dels alumnes per proposar un aprenentatge significatiu i divertit.<\/p>\n\t\t<\/div>\n\t<\/div><!-- .icon-box -->\n\t\n\t\n<\/div><\/div>\n<div class=\"col medium-4 large-4\"  ><div class=\"col-inner\"  >\n\n\t\t<div class=\"icon-box featured-box icon-box-center text-center\"  style=\"margin:0px 0px 0px 0px;\">\n\t\t\t\t\t<div class=\"icon-box-img\" style=\"width: 50px\">\n\t\t\t\t<div class=\"icon\">\n\t\t\t\t\t<div class=\"icon-inner\" style=\"color:rgb(182, 182, 182);\">\n\t\t\t\t\t\t<img loading=\"lazy\" decoding=\"async\" width=\"400\" height=\"400\" src=\"https:\/\/musicwood.es\/wp-content\/uploads\/2018\/11\/microphone-400x400.png\" class=\"attachment-medium size-medium\" alt=\"\" srcset=\"https:\/\/musicwood.es\/wp-content\/uploads\/2018\/11\/microphone-400x400.png 400w, https:\/\/musicwood.es\/wp-content\/uploads\/2018\/11\/microphone-280x280.png 280w, https:\/\/musicwood.es\/wp-content\/uploads\/2018\/11\/microphone-300x300.png 300w, https:\/\/musicwood.es\/wp-content\/uploads\/2018\/11\/microphone-100x100.png 100w, https:\/\/musicwood.es\/wp-content\/uploads\/2018\/11\/microphone.png 512w\" sizes=\"auto, (max-width: 400px) 100vw, 400px\" \/>\t\t\t\t\t<\/div>\n\t\t\t\t<\/div>\n\t\t\t<\/div>\n\t\t\t\t<div class=\"icon-box-text last-reset\">\n\t\t\t<h5 class=\"uppercase\">ACTUACIONS<\/h5>\t\t\t\t\t\t\n<p>Compaginem la nostra educaci\u00f3 amb audicions i actuacions dirigides a totes aquelles persones interessades.<\/p>\n\t\t<\/div>\n\t<\/div><!-- .icon-box -->\n\t\n\t\n<\/div><\/div>\n\n<style scope=\"scope\">\n\n<\/style>\n<\/div>\n<div class=\"container section-title-container\" style=\"margin-top:30px;\"><h3 class=\"section-title section-title-center\"><b><\/b><span class=\"section-title-main\" >On estem?<\/span><b><\/b><\/h3><\/div><!-- .section-title -->\n<div class=\"row\"  id=\"row-681264022\">\n<div class=\"col small-12 large-12\"  ><div class=\"col-inner text-center\" style=\"padding:0px 0px 0px 0px;margin:0px 0px -32px 0px;\" >\n<p>C\/ Comte Borrell, 187, Baixos 2. 08015. Barcelona<br \/>+34 934 536 637<\/p>\n<\/div><\/div>\n<div class=\"col medium-2 small-12 large-2\"  ><div class=\"col-inner text-center\"  >\n<\/div><\/div>\n<div class=\"col medium-8 small-12 large-8\"  ><div class=\"col-inner text-center\"  >\n\t<div class=\"img has-hover x md-x lg-x y md-y lg-y\" id=\"image_1270878742\">\n\t\t<a class=\"\" href=\"https:\/\/goo.gl\/maps\/YvPnb9US8zQ2\" target=\"_blank\" rel=\"noopener noreferrer\" >\t\t\t\t\t\t<div class=\"img-inner image-cover dark\" style=\"padding-top:50%;\">\n\t\t\t<img loading=\"lazy\" decoding=\"async\" width=\"1020\" height=\"503\" src=\"https:\/\/musicwood.es\/wp-content\/uploads\/2021\/09\/Screenshot-2021-09-20-at-16.09.49-1400x690.png\" class=\"attachment-large size-large\" alt=\"\" srcset=\"https:\/\/musicwood.es\/wp-content\/uploads\/2021\/09\/Screenshot-2021-09-20-at-16.09.49-1400x690.png 1400w, https:\/\/musicwood.es\/wp-content\/uploads\/2021\/09\/Screenshot-2021-09-20-at-16.09.49-800x394.png 800w, https:\/\/musicwood.es\/wp-content\/uploads\/2021\/09\/Screenshot-2021-09-20-at-16.09.49-768x379.png 768w, https:\/\/musicwood.es\/wp-content\/uploads\/2021\/09\/Screenshot-2021-09-20-at-16.09.49-600x296.png 600w, https:\/\/musicwood.es\/wp-content\/uploads\/2021\/09\/Screenshot-2021-09-20-at-16.09.49.png 1440w\" sizes=\"auto, (max-width: 1020px) 100vw, 1020px\" \/>\t\t\t\t\t\t\n\t\t\t\t\t<\/div>\n\t\t\t\t\t\t<\/a>\t\t\n<style scope=\"scope\">\n\n#image_1270878742 {\n  width: 100%;\n}\n<\/style>\n\t<\/div>\n\t\n<\/div><\/div>\n<div class=\"col medium-2 small-12 large-2\"  ><div class=\"col-inner text-center\"  >\n<\/div><\/div>\n<\/div>\n<div class=\"message-box relative\" style=\"padding-top:15px;padding-bottom:15px;\"><div class=\"message-box-bg-image bg-fill fill\" ><\/div><div class=\"message-box-bg-overlay bg-fill fill\" ><\/div><div class=\"container relative\"><div class=\"inner last-reset\">\n<div class=\"row align-middle align-center\"  id=\"row-654962791\">\n<div class=\"col medium-8 small-12 large-8\"  ><div class=\"col-inner\"  >\n<h2 style=\"text-align: center;\"><span style=\"font-size: 85%;\">Vols contactar amb nosaltres? T&#8217;esperem!<\/span><\/h2>\n<\/div><\/div>\n<div class=\"col medium-4 small-12 large-4\"  ><div class=\"col-inner text-center\"  >\n<a rel=\"noopener noreferrer\" href=\"http:\/\/www.musicwood.es\/contacto\/\" target=\"_blank\" class=\"button primary is-large lowercase\"  style=\"border-radius:99px;\">\n    <span>Contacta ara<\/span>\n  <\/a>\n\n<\/div><\/div>\n\n<style scope=\"scope\">\n\n<\/style>\n<\/div>\n<\/div><\/div><\/div>\n","protected":false},"excerpt":{"rendered":"","protected":false},"author":128,"featured_media":0,"parent":0,"menu_order":0,"comment_status":"closed","ping_status":"closed","template":"page-blank.php","meta":{"_monsterinsights_skip_tracking":false,"_monsterinsights_sitenote_active":false,"_monsterinsights_sitenote_note":"","_monsterinsights_sitenote_category":0,"footnotes":""},"class_list":["post-414","page","type-page","status-publish","hentry"],"yoast_head":"<!-- This site is optimized with the Yoast SEO plugin v24.2 - https:\/\/yoast.com\/wordpress\/plugins\/seo\/ -->\n<title>L&#039;escola - MusicWood<\/title>\n<meta name=\"robots\" content=\"index, follow, max-snippet:-1, max-image-preview:large, max-video-preview:-1\" \/>\n<link rel=\"canonical\" href=\"https:\/\/musicwood.es\/escola\/\" \/>\n<meta property=\"og:locale\" content=\"ca_ES\" \/>\n<meta property=\"og:type\" content=\"article\" \/>\n<meta property=\"og:title\" content=\"L&#039;escola - MusicWood\" \/>\n<meta property=\"og:url\" content=\"https:\/\/musicwood.es\/escola\/\" \/>\n<meta property=\"og:site_name\" content=\"MusicWood\" \/>\n<meta property=\"article:modified_time\" content=\"2021-09-20T14:17:40+00:00\" \/>\n<meta name=\"twitter:card\" content=\"summary_large_image\" \/>\n<meta name=\"twitter:label1\" content=\"Temps estimat de lectura\" \/>\n\t<meta name=\"twitter:data1\" content=\"1 minut\" \/>\n<script type=\"application\/ld+json\" class=\"yoast-schema-graph\">{\"@context\":\"https:\/\/schema.org\",\"@graph\":[{\"@type\":\"WebPage\",\"@id\":\"https:\/\/musicwood.es\/escola\/\",\"url\":\"https:\/\/musicwood.es\/escola\/\",\"name\":\"L'escola - MusicWood\",\"isPartOf\":{\"@id\":\"https:\/\/musicwood.es\/#website\"},\"datePublished\":\"2018-11-26T08:43:39+00:00\",\"dateModified\":\"2021-09-20T14:17:40+00:00\",\"breadcrumb\":{\"@id\":\"https:\/\/musicwood.es\/escola\/#breadcrumb\"},\"inLanguage\":\"ca\",\"potentialAction\":[{\"@type\":\"ReadAction\",\"target\":[\"https:\/\/musicwood.es\/escola\/\"]}]},{\"@type\":\"BreadcrumbList\",\"@id\":\"https:\/\/musicwood.es\/escola\/#breadcrumb\",\"itemListElement\":[{\"@type\":\"ListItem\",\"position\":1,\"name\":\"Portada\",\"item\":\"https:\/\/musicwood.es\/musicwood\/\"},{\"@type\":\"ListItem\",\"position\":2,\"name\":\"L&#8217;escola\"}]},{\"@type\":\"WebSite\",\"@id\":\"https:\/\/musicwood.es\/#website\",\"url\":\"https:\/\/musicwood.es\/\",\"name\":\"MusicWood\",\"description\":\"Escuela de m\u00fasica\",\"potentialAction\":[{\"@type\":\"SearchAction\",\"target\":{\"@type\":\"EntryPoint\",\"urlTemplate\":\"https:\/\/musicwood.es\/?s={search_term_string}\"},\"query-input\":{\"@type\":\"PropertyValueSpecification\",\"valueRequired\":true,\"valueName\":\"search_term_string\"}}],\"inLanguage\":\"ca\"}]}<\/script>\n<!-- \/ Yoast SEO plugin. -->","yoast_head_json":{"title":"L'escola - MusicWood","robots":{"index":"index","follow":"follow","max-snippet":"max-snippet:-1","max-image-preview":"max-image-preview:large","max-video-preview":"max-video-preview:-1"},"canonical":"https:\/\/musicwood.es\/escola\/","og_locale":"ca_ES","og_type":"article","og_title":"L'escola - MusicWood","og_url":"https:\/\/musicwood.es\/escola\/","og_site_name":"MusicWood","article_modified_time":"2021-09-20T14:17:40+00:00","twitter_card":"summary_large_image","twitter_misc":{"Temps estimat de lectura":"1 minut"},"schema":{"@context":"https:\/\/schema.org","@graph":[{"@type":"WebPage","@id":"https:\/\/musicwood.es\/escola\/","url":"https:\/\/musicwood.es\/escola\/","name":"L'escola - MusicWood","isPartOf":{"@id":"https:\/\/musicwood.es\/#website"},"datePublished":"2018-11-26T08:43:39+00:00","dateModified":"2021-09-20T14:17:40+00:00","breadcrumb":{"@id":"https:\/\/musicwood.es\/escola\/#breadcrumb"},"inLanguage":"ca","potentialAction":[{"@type":"ReadAction","target":["https:\/\/musicwood.es\/escola\/"]}]},{"@type":"BreadcrumbList","@id":"https:\/\/musicwood.es\/escola\/#breadcrumb","itemListElement":[{"@type":"ListItem","position":1,"name":"Portada","item":"https:\/\/musicwood.es\/musicwood\/"},{"@type":"ListItem","position":2,"name":"L&#8217;escola"}]},{"@type":"WebSite","@id":"https:\/\/musicwood.es\/#website","url":"https:\/\/musicwood.es\/","name":"MusicWood","description":"Escuela de m\u00fasica","potentialAction":[{"@type":"SearchAction","target":{"@type":"EntryPoint","urlTemplate":"https:\/\/musicwood.es\/?s={search_term_string}"},"query-input":{"@type":"PropertyValueSpecification","valueRequired":true,"valueName":"search_term_string"}}],"inLanguage":"ca"}]}},"_links":{"self":[{"href":"https:\/\/musicwood.es\/ca\/wp-json\/wp\/v2\/pages\/414","targetHints":{"allow":["GET"]}}],"collection":[{"href":"https:\/\/musicwood.es\/ca\/wp-json\/wp\/v2\/pages"}],"about":[{"href":"https:\/\/musicwood.es\/ca\/wp-json\/wp\/v2\/types\/page"}],"author":[{"embeddable":true,"href":"https:\/\/musicwood.es\/ca\/wp-json\/wp\/v2\/users\/128"}],"replies":[{"embeddable":true,"href":"https:\/\/musicwood.es\/ca\/wp-json\/wp\/v2\/comments?post=414"}],"version-history":[{"count":10,"href":"https:\/\/musicwood.es\/ca\/wp-json\/wp\/v2\/pages\/414\/revisions"}],"predecessor-version":[{"id":1829,"href":"https:\/\/musicwood.es\/ca\/wp-json\/wp\/v2\/pages\/414\/revisions\/1829"}],"wp:attachment":[{"href":"https:\/\/musicwood.es\/ca\/wp-json\/wp\/v2\/media?parent=414"}],"curies":[{"name":"wp","href":"https:\/\/api.w.org\/{rel}","templated":true}]}}