{"id":389,"date":"2018-11-26T09:32:54","date_gmt":"2018-11-26T08:32:54","guid":{"rendered":"http:\/\/www.musicwood.es\/?page_id=389"},"modified":"2022-10-25T12:47:41","modified_gmt":"2022-10-25T10:47:41","slug":"estudis-col%c2%b7lectius","status":"publish","type":"page","link":"https:\/\/musicwood.es\/ca\/estudis\/estudis-col%c2%b7lectius\/","title":{"rendered":"Estudis col\u00b7lectius"},"content":{"rendered":"<p><script type=\"text\/javascript\" src=\"\/\/downloads.mailchimp.com\/js\/signup-forms\/popup\/unique-methods\/embed.js\" data-dojo-config=\"usePlainJson: true, isDebug: false\"><\/script><script type=\"text\/javascript\">window.dojoRequire([\"mojo\/signup-forms\/Loader\"], function(L) { L.start({\"baseUrl\":\"mc.us7.list-manage.com\",\"uuid\":\"0af6b89333521b904ab037af8\",\"lid\":\"0f5b95c43d\",\"uniqueMethods\":true}) })<\/script><\/p>\n<div class=\"row\"  id=\"row-1491886029\">\n<div class=\"col small-12 large-12\"  ><div class=\"col-inner\"  >\n<p style=\"text-align: center;\"><span style=\"font-size: 120%;\">Escull els estudis que t&#8217;agradaria apuntar-te i inscriu-te. Comencem a aprendre?<\/span><\/p>\n<p style=\"text-align: center;\">A l&#8217;escola de m\u00fasica\u00a0MusicWood\u00a0oferim una metodologia especialitzada en la formaci\u00f3 musical, basada en projectes pedag\u00f2gics d&#8217;\u00e8xit, amb grups redu\u00efts i seguiment personalitzat.<\/p>\n<\/div><\/div>\n<\/div>\n\t<section class=\"section\" id=\"section_238158972\">\n\t\t<div class=\"bg section-bg fill bg-fill  bg-loaded\" >\n\n\t\t\t\n\t\t\t\n\t\t\t\n\t<div class=\"is-border\"\n\t\tstyle=\"border-color:rgb(235, 235, 235);border-width:1px 0px 0px 0px;\">\n\t<\/div>\n\n\t\t<\/div><!-- .section-bg -->\n\n\t\t<div class=\"section-content relative\">\n\t\t\t\n<div class=\"row row-large align-middle align-center\"  id=\"row-885207298\">\n<div class=\"col medium-6 small-12 large-6\"  ><div class=\"col-inner text-left\"  >\n<h2 style=\"text-align: left;\"><span style=\"font-size: 140%;\">Petits Woods<\/span><\/h2>\n<p style=\"text-align: left;\"><span style=\"font-size: 120%;\">De 2 a 5 anys<\/span><\/p>\n<p><strong>DOfins &gt;\u00a0<\/strong>Dilluns 17:00h \u2013 18:00h<\/p>\n<p><strong>REtolins &gt;\u00a0<\/strong>Dimarts 17:30h \u2013 18:30h<\/p>\n<p><strong>MIcos &gt; <\/strong>Dimecres 17:30h \u2013 18:30h<\/p>\n<p><strong>FAmencs &gt;<\/strong> Dijous 18:00h \u2013 19:00h<\/p>\n<a rel=\"noopener noreferrer\" href=\"http:\/\/www.musicwood.es\/ca\/inscripcio-estudis-col%C2%B7lectius\/\" target=\"_blank\" class=\"button primary lowercase expand\"  style=\"border-radius:99px;\">\n    <span>Inscriu-te ara<\/span>\n  <\/a>\n\n<\/div><\/div>\n<div class=\"col medium-6 small-12 large-6\"  ><div class=\"col-inner box-shadow-2 box-shadow-5-hover\" style=\"background-color:rgb(255, 255, 255);padding:15px 15px 15px 15px;\" >\n\t<div class=\"img has-hover x md-x lg-x y md-y lg-y\" id=\"image_552847256\">\n\t\t\t\t\t\t\t\t<div class=\"img-inner dark\" >\n\t\t\t<img loading=\"lazy\" decoding=\"async\" width=\"1000\" height=\"667\" src=\"https:\/\/musicwood.es\/wp-content\/uploads\/2018\/12\/07-Inicio-MusicWood.jpg\" class=\"attachment-large size-large\" alt=\"\" srcset=\"https:\/\/musicwood.es\/wp-content\/uploads\/2018\/12\/07-Inicio-MusicWood.jpg 1000w, https:\/\/musicwood.es\/wp-content\/uploads\/2018\/12\/07-Inicio-MusicWood-600x400.jpg 600w, https:\/\/musicwood.es\/wp-content\/uploads\/2018\/12\/07-Inicio-MusicWood-768x512.jpg 768w\" sizes=\"auto, (max-width: 1000px) 100vw, 1000px\" \/>\t\t\t\t\t\t\n\t\t\t\t\t<\/div>\n\t\t\t\t\t\t\t\t\n<style scope=\"scope\">\n\n#image_552847256 {\n  width: 100%;\n}\n<\/style>\n\t<\/div>\n\t\n<\/div><\/div>\n\n<style scope=\"scope\">\n\n<\/style>\n<\/div>\n\t\t<\/div><!-- .section-content -->\n\n\t\t\n<style scope=\"scope\">\n\n#section_238158972 {\n  padding-top: 59px;\n  padding-bottom: 59px;\n  min-height: 300px;\n  background-color: rgb(248, 248, 248);\n}\n<\/style>\n\t<\/section>\n\t\n<div class=\"gap-element\" style=\"display:block; height:auto; padding-top:30px\" class=\"clearfix\"><\/div>\n\t<section class=\"section\" id=\"section_1942775426\">\n\t\t<div class=\"bg section-bg fill bg-fill  bg-loaded\" >\n\n\t\t\t\n\t\t\t\n\t\t\t\n\t<div class=\"is-border\"\n\t\tstyle=\"border-color:rgb(235, 235, 235);border-width:1px 0px 0px 0px;\">\n\t<\/div>\n\n\t\t<\/div><!-- .section-bg -->\n\n\t\t<div class=\"section-content relative\">\n\t\t\t\n<div class=\"row row-large align-middle align-center\"  id=\"row-547754088\">\n<div class=\"col medium-6 small-12 large-6\"  ><div class=\"col-inner text-left\"  >\n<h2 style=\"text-align: left;\"><span style=\"font-size: 140%;\">Robin Woods<\/span><\/h2>\n<p style=\"text-align: left;\"><span style=\"font-size: 120%;\">De 5 a 8 anys<\/span><\/p>\n<p><strong>SOLista &gt;\u00a0<\/strong>Dilluns 18:30h \u2013 19:30h<\/p>\n<p><strong>LArbret &gt;\u00a0<\/strong>Dimarts 18:00h \u2013 19:00h<\/p>\n<p><strong>S\u00cdncopa &gt;\u00a0<\/strong>Dimecres 17:30h \u2013 18:30h<\/p>\n<p><strong>D\u00d2pera &gt;\u00a0<\/strong>Dijous 18:00h \u2013 19:00h<\/p>\n<a rel=\"noopener noreferrer\" href=\"http:\/\/www.musicwood.es\/ca\/inscripcio-estudis-col%C2%B7lectius\/\" target=\"_blank\" class=\"button primary lowercase expand\"  style=\"border-radius:99px;\">\n    <span>Inscriu-te ara<\/span>\n  <\/a>\n\n<\/div><\/div>\n<div class=\"col medium-6 small-12 large-6\"  ><div class=\"col-inner box-shadow-2 box-shadow-5-hover\" style=\"background-color:rgb(255, 255, 255);padding:15px 15px 15px 15px;\" >\n\t<div class=\"img has-hover x md-x lg-x y md-y lg-y\" id=\"image_397996650\">\n\t\t\t\t\t\t\t\t<div class=\"img-inner dark\" >\n\t\t\t<img loading=\"lazy\" decoding=\"async\" width=\"1000\" height=\"667\" src=\"https:\/\/musicwood.es\/wp-content\/uploads\/2018\/12\/03-RobinWood-MusicWood.jpg\" class=\"attachment-large size-large\" alt=\"\" srcset=\"https:\/\/musicwood.es\/wp-content\/uploads\/2018\/12\/03-RobinWood-MusicWood.jpg 1000w, https:\/\/musicwood.es\/wp-content\/uploads\/2018\/12\/03-RobinWood-MusicWood-600x400.jpg 600w, https:\/\/musicwood.es\/wp-content\/uploads\/2018\/12\/03-RobinWood-MusicWood-768x512.jpg 768w\" sizes=\"auto, (max-width: 1000px) 100vw, 1000px\" \/>\t\t\t\t\t\t\n\t\t\t\t\t<\/div>\n\t\t\t\t\t\t\t\t\n<style scope=\"scope\">\n\n#image_397996650 {\n  width: 100%;\n}\n<\/style>\n\t<\/div>\n\t\n<\/div><\/div>\n\n<style scope=\"scope\">\n\n<\/style>\n<\/div>\n\t\t<\/div><!-- .section-content -->\n\n\t\t\n<style scope=\"scope\">\n\n#section_1942775426 {\n  padding-top: 59px;\n  padding-bottom: 59px;\n  min-height: 300px;\n  background-color: rgb(248, 248, 248);\n}\n<\/style>\n\t<\/section>\n\t\n<div class=\"gap-element\" style=\"display:block; height:auto; padding-top:30px\" class=\"clearfix\"><\/div>\n\t<section class=\"section\" id=\"section_1760946670\">\n\t\t<div class=\"bg section-bg fill bg-fill  bg-loaded\" >\n\n\t\t\t\n\t\t\t\n\t\t\t\n\t<div class=\"is-border\"\n\t\tstyle=\"border-color:rgb(235, 235, 235);border-width:1px 0px 0px 0px;\">\n\t<\/div>\n\n\t\t<\/div><!-- .section-bg -->\n\n\t\t<div class=\"section-content relative\">\n\t\t\t\n<div class=\"row row-large align-middle align-center\"  id=\"row-836862333\">\n<div class=\"col medium-6 small-12 large-6\"  ><div class=\"col-inner text-left\"  >\n<h2 style=\"text-align: left;\"><span style=\"font-size: 140%;\">Els Woods<\/span><\/h2>\n<p style=\"text-align: left;\"><span style=\"font-size: 120%;\">De 8 a 13 anys<\/span><\/p>\n<p><strong>LAberint &gt; <\/strong>Dilluns 18:30h \u2013 19:30h<\/p>\n<p><strong>SIdral &gt;\u00a0<\/strong>Dimecres 17:30h \u2013 18:30h<\/p>\n<a rel=\"noopener noreferrer\" href=\"http:\/\/www.musicwood.es\/ca\/inscripcio-estudis-col%C2%B7lectius\/\" target=\"_blank\" class=\"button primary lowercase expand\"  style=\"border-radius:99px;\">\n    <span>Inscriu-te ara<\/span>\n  <\/a>\n\n<\/div><\/div>\n<div class=\"col medium-6 small-12 large-6\"  ><div class=\"col-inner box-shadow-2 box-shadow-5-hover\" style=\"background-color:rgb(255, 255, 255);padding:15px 15px 15px 15px;\" >\n\t<div class=\"img has-hover x md-x lg-x y md-y lg-y\" id=\"image_2070984788\">\n\t\t\t\t\t\t\t\t<div class=\"img-inner dark\" >\n\t\t\t<img loading=\"lazy\" decoding=\"async\" width=\"1000\" height=\"667\" src=\"https:\/\/musicwood.es\/wp-content\/uploads\/2018\/12\/01-Inicio-MusicWood.jpg\" class=\"attachment-large size-large\" alt=\"\" srcset=\"https:\/\/musicwood.es\/wp-content\/uploads\/2018\/12\/01-Inicio-MusicWood.jpg 1000w, https:\/\/musicwood.es\/wp-content\/uploads\/2018\/12\/01-Inicio-MusicWood-600x400.jpg 600w, https:\/\/musicwood.es\/wp-content\/uploads\/2018\/12\/01-Inicio-MusicWood-768x512.jpg 768w\" sizes=\"auto, (max-width: 1000px) 100vw, 1000px\" \/>\t\t\t\t\t\t\n\t\t\t\t\t<\/div>\n\t\t\t\t\t\t\t\t\n<style scope=\"scope\">\n\n#image_2070984788 {\n  width: 100%;\n}\n<\/style>\n\t<\/div>\n\t\n<\/div><\/div>\n\n<style scope=\"scope\">\n\n<\/style>\n<\/div>\n\t\t<\/div><!-- .section-content -->\n\n\t\t\n<style scope=\"scope\">\n\n#section_1760946670 {\n  padding-top: 59px;\n  padding-bottom: 59px;\n  min-height: 300px;\n  background-color: rgb(248, 248, 248);\n}\n<\/style>\n\t<\/section>\n\t\n<div class=\"gap-element\" style=\"display:block; height:auto; padding-top:30px\" class=\"clearfix\"><\/div>\n\t<section class=\"section\" id=\"section_1235160248\">\n\t\t<div class=\"bg section-bg fill bg-fill  bg-loaded\" >\n\n\t\t\t\n\t\t\t\n\t\t\t\n\t<div class=\"is-border\"\n\t\tstyle=\"border-color:rgb(235, 235, 235);border-width:1px 0px 0px 0px;\">\n\t<\/div>\n\n\t\t<\/div><!-- .section-bg -->\n\n\t\t<div class=\"section-content relative\">\n\t\t\t\n<div class=\"row row-large align-middle align-center\"  id=\"row-1273641336\">\n<div class=\"col medium-6 small-12 large-6\"  ><div class=\"col-inner text-left\"  >\n<h2 style=\"text-align: left;\"><span style=\"font-size: 140%;\">Combos Woods<\/span><\/h2>\n<p style=\"text-align: left;\"><span style=\"font-size: 120%;\">Apte per a totes les edats<\/span><\/p>\n<p><strong>Combo Jove Wood &gt;\u00a0<\/strong>Dilluns 19:30h \u2013 20:15h<\/p>\n<p><strong>Coral Wood &gt;\u00a0<\/strong>Dimarts 20.00h \u2013 21:00h<\/p>\n<p><strong>Orquestra Wood &gt;\u00a0<\/strong>Divendres 18:00h \u2013 19:00h<\/p>\n<p><strong>Combo Rock Wood &gt;\u00a0<\/strong>Divendres 17:00h \u2013 18:00h<\/p>\n<p><strong>Combo Vents Wood &gt;\u00a0<\/strong>Divendres 19:00h \u2013 20:00h<\/p>\n<a rel=\"noopener noreferrer\" href=\"http:\/\/www.musicwood.es\/ca\/inscripcio-estudis-col%C2%B7lectius\/\" target=\"_blank\" class=\"button primary lowercase expand\"  style=\"border-radius:99px;\">\n    <span>Inscriu-te ara<\/span>\n  <\/a>\n\n<\/div><\/div>\n<div class=\"col medium-6 small-12 large-6\"  ><div class=\"col-inner box-shadow-2 box-shadow-5-hover\" style=\"background-color:rgb(255, 255, 255);padding:15px 15px 15px 15px;\" >\n\t<div class=\"img has-hover x md-x lg-x y md-y lg-y\" id=\"image_692893217\">\n\t\t\t\t\t\t\t\t<div class=\"img-inner dark\" >\n\t\t\t<img loading=\"lazy\" decoding=\"async\" width=\"1000\" height=\"667\" src=\"https:\/\/musicwood.es\/wp-content\/uploads\/2018\/12\/03-Big-band-MusicWood.jpg\" class=\"attachment-large size-large\" alt=\"\" srcset=\"https:\/\/musicwood.es\/wp-content\/uploads\/2018\/12\/03-Big-band-MusicWood.jpg 1000w, https:\/\/musicwood.es\/wp-content\/uploads\/2018\/12\/03-Big-band-MusicWood-600x400.jpg 600w, https:\/\/musicwood.es\/wp-content\/uploads\/2018\/12\/03-Big-band-MusicWood-768x512.jpg 768w\" sizes=\"auto, (max-width: 1000px) 100vw, 1000px\" \/>\t\t\t\t\t\t\n\t\t\t\t\t<\/div>\n\t\t\t\t\t\t\t\t\n<style scope=\"scope\">\n\n#image_692893217 {\n  width: 100%;\n}\n<\/style>\n\t<\/div>\n\t\n<\/div><\/div>\n\n<style scope=\"scope\">\n\n<\/style>\n<\/div>\n\t\t<\/div><!-- .section-content -->\n\n\t\t\n<style scope=\"scope\">\n\n#section_1235160248 {\n  padding-top: 59px;\n  padding-bottom: 59px;\n  min-height: 300px;\n  background-color: rgb(248, 248, 248);\n}\n<\/style>\n\t<\/section>\n\t\n","protected":false},"excerpt":{"rendered":"","protected":false},"author":128,"featured_media":0,"parent":433,"menu_order":0,"comment_status":"closed","ping_status":"closed","template":"page-blank-title-center.php","meta":{"_monsterinsights_skip_tracking":false,"_monsterinsights_sitenote_active":false,"_monsterinsights_sitenote_note":"","_monsterinsights_sitenote_category":0,"footnotes":""},"class_list":["post-389","page","type-page","status-publish","hentry"],"yoast_head":"<!-- This site is optimized with the Yoast SEO plugin v24.2 - https:\/\/yoast.com\/wordpress\/plugins\/seo\/ -->\n<title>Estudis col\u00b7lectius - MusicWood<\/title>\n<meta name=\"robots\" content=\"index, follow, max-snippet:-1, max-image-preview:large, max-video-preview:-1\" \/>\n<link rel=\"canonical\" href=\"https:\/\/musicwood.es\/ca\/estudis\/estudis-col\u00b7lectius\/\" \/>\n<meta property=\"og:locale\" content=\"ca_ES\" \/>\n<meta property=\"og:type\" content=\"article\" \/>\n<meta property=\"og:title\" content=\"Estudis col\u00b7lectius - MusicWood\" \/>\n<meta property=\"og:url\" content=\"https:\/\/musicwood.es\/ca\/estudis\/estudis-col\u00b7lectius\/\" \/>\n<meta property=\"og:site_name\" content=\"MusicWood\" \/>\n<meta property=\"article:modified_time\" content=\"2022-10-25T10:47:41+00:00\" \/>\n<meta name=\"twitter:card\" content=\"summary_large_image\" \/>\n<meta name=\"twitter:label1\" content=\"Temps estimat de lectura\" \/>\n\t<meta name=\"twitter:data1\" content=\"2 minuts\" \/>\n<script type=\"application\/ld+json\" class=\"yoast-schema-graph\">{\"@context\":\"https:\/\/schema.org\",\"@graph\":[{\"@type\":\"WebPage\",\"@id\":\"https:\/\/musicwood.es\/ca\/estudis\/estudis-col%c2%b7lectius\/\",\"url\":\"https:\/\/musicwood.es\/ca\/estudis\/estudis-col%c2%b7lectius\/\",\"name\":\"Estudis col\u00b7lectius - MusicWood\",\"isPartOf\":{\"@id\":\"https:\/\/musicwood.es\/#website\"},\"datePublished\":\"2018-11-26T08:32:54+00:00\",\"dateModified\":\"2022-10-25T10:47:41+00:00\",\"breadcrumb\":{\"@id\":\"https:\/\/musicwood.es\/ca\/estudis\/estudis-col%c2%b7lectius\/#breadcrumb\"},\"inLanguage\":\"ca\",\"potentialAction\":[{\"@type\":\"ReadAction\",\"target\":[\"https:\/\/musicwood.es\/ca\/estudis\/estudis-col%c2%b7lectius\/\"]}]},{\"@type\":\"BreadcrumbList\",\"@id\":\"https:\/\/musicwood.es\/ca\/estudis\/estudis-col%c2%b7lectius\/#breadcrumb\",\"itemListElement\":[{\"@type\":\"ListItem\",\"position\":1,\"name\":\"Portada\",\"item\":\"https:\/\/musicwood.es\/musicwood\/\"},{\"@type\":\"ListItem\",\"position\":2,\"name\":\"Estudis\",\"item\":\"https:\/\/musicwood.es\/ca\/estudis\/\"},{\"@type\":\"ListItem\",\"position\":3,\"name\":\"Estudis col\u00b7lectius\"}]},{\"@type\":\"WebSite\",\"@id\":\"https:\/\/musicwood.es\/#website\",\"url\":\"https:\/\/musicwood.es\/\",\"name\":\"MusicWood\",\"description\":\"Escuela de m\u00fasica\",\"potentialAction\":[{\"@type\":\"SearchAction\",\"target\":{\"@type\":\"EntryPoint\",\"urlTemplate\":\"https:\/\/musicwood.es\/?s={search_term_string}\"},\"query-input\":{\"@type\":\"PropertyValueSpecification\",\"valueRequired\":true,\"valueName\":\"search_term_string\"}}],\"inLanguage\":\"ca\"}]}<\/script>\n<!-- \/ Yoast SEO plugin. -->","yoast_head_json":{"title":"Estudis col\u00b7lectius - MusicWood","robots":{"index":"index","follow":"follow","max-snippet":"max-snippet:-1","max-image-preview":"max-image-preview:large","max-video-preview":"max-video-preview:-1"},"canonical":"https:\/\/musicwood.es\/ca\/estudis\/estudis-col\u00b7lectius\/","og_locale":"ca_ES","og_type":"article","og_title":"Estudis col\u00b7lectius - MusicWood","og_url":"https:\/\/musicwood.es\/ca\/estudis\/estudis-col\u00b7lectius\/","og_site_name":"MusicWood","article_modified_time":"2022-10-25T10:47:41+00:00","twitter_card":"summary_large_image","twitter_misc":{"Temps estimat de lectura":"2 minuts"},"schema":{"@context":"https:\/\/schema.org","@graph":[{"@type":"WebPage","@id":"https:\/\/musicwood.es\/ca\/estudis\/estudis-col%c2%b7lectius\/","url":"https:\/\/musicwood.es\/ca\/estudis\/estudis-col%c2%b7lectius\/","name":"Estudis col\u00b7lectius - MusicWood","isPartOf":{"@id":"https:\/\/musicwood.es\/#website"},"datePublished":"2018-11-26T08:32:54+00:00","dateModified":"2022-10-25T10:47:41+00:00","breadcrumb":{"@id":"https:\/\/musicwood.es\/ca\/estudis\/estudis-col%c2%b7lectius\/#breadcrumb"},"inLanguage":"ca","potentialAction":[{"@type":"ReadAction","target":["https:\/\/musicwood.es\/ca\/estudis\/estudis-col%c2%b7lectius\/"]}]},{"@type":"BreadcrumbList","@id":"https:\/\/musicwood.es\/ca\/estudis\/estudis-col%c2%b7lectius\/#breadcrumb","itemListElement":[{"@type":"ListItem","position":1,"name":"Portada","item":"https:\/\/musicwood.es\/musicwood\/"},{"@type":"ListItem","position":2,"name":"Estudis","item":"https:\/\/musicwood.es\/ca\/estudis\/"},{"@type":"ListItem","position":3,"name":"Estudis col\u00b7lectius"}]},{"@type":"WebSite","@id":"https:\/\/musicwood.es\/#website","url":"https:\/\/musicwood.es\/","name":"MusicWood","description":"Escuela de m\u00fasica","potentialAction":[{"@type":"SearchAction","target":{"@type":"EntryPoint","urlTemplate":"https:\/\/musicwood.es\/?s={search_term_string}"},"query-input":{"@type":"PropertyValueSpecification","valueRequired":true,"valueName":"search_term_string"}}],"inLanguage":"ca"}]}},"_links":{"self":[{"href":"https:\/\/musicwood.es\/ca\/wp-json\/wp\/v2\/pages\/389","targetHints":{"allow":["GET"]}}],"collection":[{"href":"https:\/\/musicwood.es\/ca\/wp-json\/wp\/v2\/pages"}],"about":[{"href":"https:\/\/musicwood.es\/ca\/wp-json\/wp\/v2\/types\/page"}],"author":[{"embeddable":true,"href":"https:\/\/musicwood.es\/ca\/wp-json\/wp\/v2\/users\/128"}],"replies":[{"embeddable":true,"href":"https:\/\/musicwood.es\/ca\/wp-json\/wp\/v2\/comments?post=389"}],"version-history":[{"count":30,"href":"https:\/\/musicwood.es\/ca\/wp-json\/wp\/v2\/pages\/389\/revisions"}],"predecessor-version":[{"id":1842,"href":"https:\/\/musicwood.es\/ca\/wp-json\/wp\/v2\/pages\/389\/revisions\/1842"}],"up":[{"embeddable":true,"href":"https:\/\/musicwood.es\/ca\/wp-json\/wp\/v2\/pages\/433"}],"wp:attachment":[{"href":"https:\/\/musicwood.es\/ca\/wp-json\/wp\/v2\/media?parent=389"}],"curies":[{"name":"wp","href":"https:\/\/api.w.org\/{rel}","templated":true}]}}