{"id":1884,"date":"2025-01-16T16:01:18","date_gmt":"2025-01-16T15:01:18","guid":{"rendered":"https:\/\/musicwood.es\/?page_id=1884"},"modified":"2025-01-16T16:01:18","modified_gmt":"2025-01-16T15:01:18","slug":"international-studies","status":"publish","type":"page","link":"https:\/\/musicwood.es\/ca\/international-studies\/","title":{"rendered":"International Studies"},"content":{"rendered":"<div id=\"row-1372334937\" class=\"row\">\n<div class=\"col medium-3 small-12 large-3\">\n<div class=\"col-inner\">\n<h1 style=\"text-align: center;\">International Studies<\/h1>\n<div class=\"text-center\"><div class=\"is-divider divider clearfix\" ><\/div><\/div><!-- .divider -->\n<h4 style=\"text-align: center;\">APRENDE SIN BARRERAS<\/h4>\n<p style=\"text-align: center;\">En MusicWood formamos a nuestros alumnos para que tengan una educaci\u00f3n de 360\u00ba y puedan desatar todo su potencial. Ahora puedes aprender tu instrumento favorito sin que el idioma sea un problema.<\/p>\n<p>&nbsp;<\/p>\n<div class=\"row\"  id=\"row-1820002088\">\n<div class=\"col medium-4 small-12 large-4\"  ><div class=\"col-inner\"  >\n\n\t\t<div class=\"icon-box featured-box icon-box-left text-left\"  >\n\t\t\t\t\t<div class=\"icon-box-img\" style=\"width: 60px\">\n\t\t\t\t<div class=\"icon\">\n\t\t\t\t\t<div class=\"icon-inner\" >\n\t\t\t\t\t\t<img loading=\"lazy\" decoding=\"async\" width=\"400\" height=\"400\" src=\"https:\/\/musicwood.es\/wp-content\/uploads\/2020\/10\/048-spotlight-400x400.png\" class=\"attachment-medium size-medium\" alt=\"\" srcset=\"https:\/\/musicwood.es\/wp-content\/uploads\/2020\/10\/048-spotlight-400x400.png 400w, https:\/\/musicwood.es\/wp-content\/uploads\/2020\/10\/048-spotlight-280x280.png 280w, https:\/\/musicwood.es\/wp-content\/uploads\/2020\/10\/048-spotlight-300x300.png 300w, https:\/\/musicwood.es\/wp-content\/uploads\/2020\/10\/048-spotlight-100x100.png 100w, https:\/\/musicwood.es\/wp-content\/uploads\/2020\/10\/048-spotlight.png 512w\" sizes=\"auto, (max-width: 400px) 100vw, 400px\" \/>\t\t\t\t\t<\/div>\n\t\t\t\t<\/div>\n\t\t\t<\/div>\n\t\t\t\t<div class=\"icon-box-text last-reset\">\n\t\t\t\t\t\t\t\t\t\n<h3>Aprende m\u00fasica sin barreras<\/h3>\n\t\t<\/div>\n\t<\/div><!-- .icon-box -->\n\t\n\t\n<\/div><\/div>\n<div class=\"col medium-4 small-12 large-4\"  ><div class=\"col-inner\"  >\n\n\t\t<div class=\"icon-box featured-box icon-box-left text-left\"  >\n\t\t\t\t\t<div class=\"icon-box-img\" style=\"width: 60px\">\n\t\t\t\t<div class=\"icon\">\n\t\t\t\t\t<div class=\"icon-inner\" >\n\t\t\t\t\t\t<img loading=\"lazy\" decoding=\"async\" width=\"400\" height=\"400\" src=\"https:\/\/musicwood.es\/wp-content\/uploads\/2020\/10\/034-ferris-wheel-400x400.png\" class=\"attachment-medium size-medium\" alt=\"\" srcset=\"https:\/\/musicwood.es\/wp-content\/uploads\/2020\/10\/034-ferris-wheel-400x400.png 400w, https:\/\/musicwood.es\/wp-content\/uploads\/2020\/10\/034-ferris-wheel-280x280.png 280w, https:\/\/musicwood.es\/wp-content\/uploads\/2020\/10\/034-ferris-wheel-300x300.png 300w, https:\/\/musicwood.es\/wp-content\/uploads\/2020\/10\/034-ferris-wheel-100x100.png 100w, https:\/\/musicwood.es\/wp-content\/uploads\/2020\/10\/034-ferris-wheel.png 512w\" sizes=\"auto, (max-width: 400px) 100vw, 400px\" \/>\t\t\t\t\t<\/div>\n\t\t\t\t<\/div>\n\t\t\t<\/div>\n\t\t\t\t<div class=\"icon-box-text last-reset\">\n\t\t\t\t\t\t\t\t\t\n<h3>Clases en 5 idiomas<\/h3>\n\t\t<\/div>\n\t<\/div><!-- .icon-box -->\n\t\n\t\n<\/div><\/div>\n<div class=\"col medium-4 small-12 large-4\"  ><div class=\"col-inner\"  >\n\n\t\t<div class=\"icon-box featured-box icon-box-left text-left\"  >\n\t\t\t\t\t<div class=\"icon-box-img\" style=\"width: 60px\">\n\t\t\t\t<div class=\"icon\">\n\t\t\t\t\t<div class=\"icon-inner\" >\n\t\t\t\t\t\t<img loading=\"lazy\" decoding=\"async\" width=\"400\" height=\"400\" src=\"https:\/\/musicwood.es\/wp-content\/uploads\/2020\/10\/020-electric-guitar-400x400.png\" class=\"attachment-medium size-medium\" alt=\"\" srcset=\"https:\/\/musicwood.es\/wp-content\/uploads\/2020\/10\/020-electric-guitar-400x400.png 400w, https:\/\/musicwood.es\/wp-content\/uploads\/2020\/10\/020-electric-guitar-280x280.png 280w, https:\/\/musicwood.es\/wp-content\/uploads\/2020\/10\/020-electric-guitar-300x300.png 300w, https:\/\/musicwood.es\/wp-content\/uploads\/2020\/10\/020-electric-guitar-100x100.png 100w, https:\/\/musicwood.es\/wp-content\/uploads\/2020\/10\/020-electric-guitar.png 512w\" sizes=\"auto, (max-width: 400px) 100vw, 400px\" \/>\t\t\t\t\t<\/div>\n\t\t\t\t<\/div>\n\t\t\t<\/div>\n\t\t\t\t<div class=\"icon-box-text last-reset\">\n\t\t\t\t\t\t\t\t\t\n<h3>Aprende tu instrumento favorito<\/h3>\n\t\t<\/div>\n\t<\/div><!-- .icon-box -->\n\t\n\t\n<\/div><\/div>\n<\/div>\n<h2><\/h2>\n<h2 style=\"text-align: center;\">Clases en Castellano, Catal\u00e1n, Ingl\u00e9s, Franc\u00e9s y Chino.<\/h2>\n<p>&nbsp;<\/p>\n<div class=\"row\"  id=\"row-1813352794\">\n<div class=\"col medium-5 small-12 large-5\"  ><div class=\"col-inner\"  >\n<\/div><\/div>\n<div class=\"col medium-3 small-12 large-3\"  ><div class=\"col-inner\"  >\n<a href=\"https:\/\/musicwood.es\/contacto\/\" target=\"_self\" class=\"button primary\"  style=\"border-radius:99px;\">\n    <span>\u00a1Cont\u00e1ctanos!<\/span>\n  <\/a>\n\n<\/div><\/div>\n<div class=\"col medium-4 small-12 large-4\"  ><div class=\"col-inner\"  >\n<\/div><\/div>\n<\/div>\n<\/div>\n<\/div>\n<\/div>\n","protected":false},"excerpt":{"rendered":"<p>International Studies APRENDE SIN BARRERAS En MusicWood formamos a nuestros alumnos para que tengan una educaci\u00f3n de 360\u00ba y puedan desatar todo su potencial. Ahora puedes aprender tu instrumento favorito sin que el idioma sea un problema. &nbsp; Clases en Castellano, Catal\u00e1n, Ingl\u00e9s, Franc\u00e9s y Chino. &nbsp;<\/p>\n","protected":false},"author":128,"featured_media":0,"parent":0,"menu_order":0,"comment_status":"closed","ping_status":"closed","template":"","meta":{"_monsterinsights_skip_tracking":false,"_monsterinsights_sitenote_active":false,"_monsterinsights_sitenote_note":"","_monsterinsights_sitenote_category":0,"footnotes":""},"class_list":["post-1884","page","type-page","status-publish","hentry"],"yoast_head":"<!-- This site is optimized with the Yoast SEO plugin v24.2 - https:\/\/yoast.com\/wordpress\/plugins\/seo\/ -->\n<title>International Studies - MusicWood<\/title>\n<meta name=\"robots\" content=\"index, follow, max-snippet:-1, max-image-preview:large, max-video-preview:-1\" \/>\n<link rel=\"canonical\" href=\"https:\/\/musicwood.es\/ca\/international-studies\/\" \/>\n<meta property=\"og:locale\" content=\"ca_ES\" \/>\n<meta property=\"og:type\" content=\"article\" \/>\n<meta property=\"og:title\" content=\"International Studies - MusicWood\" \/>\n<meta property=\"og:description\" content=\"International Studies APRENDE SIN BARRERAS En MusicWood formamos a nuestros alumnos para que tengan una educaci\u00f3n de 360\u00ba y puedan desatar todo su potencial. Ahora puedes aprender tu instrumento favorito sin que el idioma sea un problema. &nbsp; Clases en Castellano, Catal\u00e1n, Ingl\u00e9s, Franc\u00e9s y Chino. &nbsp;\" \/>\n<meta property=\"og:url\" content=\"https:\/\/musicwood.es\/ca\/international-studies\/\" \/>\n<meta property=\"og:site_name\" content=\"MusicWood\" \/>\n<meta name=\"twitter:card\" content=\"summary_large_image\" \/>\n<meta name=\"twitter:label1\" content=\"Temps estimat de lectura\" \/>\n\t<meta name=\"twitter:data1\" content=\"2 minuts\" \/>\n<script type=\"application\/ld+json\" class=\"yoast-schema-graph\">{\"@context\":\"https:\/\/schema.org\",\"@graph\":[{\"@type\":\"WebPage\",\"@id\":\"https:\/\/musicwood.es\/ca\/international-studies\/\",\"url\":\"https:\/\/musicwood.es\/ca\/international-studies\/\",\"name\":\"International Studies - MusicWood\",\"isPartOf\":{\"@id\":\"https:\/\/musicwood.es\/#website\"},\"datePublished\":\"2025-01-16T15:01:18+00:00\",\"dateModified\":\"2025-01-16T15:01:18+00:00\",\"breadcrumb\":{\"@id\":\"https:\/\/musicwood.es\/ca\/international-studies\/#breadcrumb\"},\"inLanguage\":\"ca\",\"potentialAction\":[{\"@type\":\"ReadAction\",\"target\":[\"https:\/\/musicwood.es\/ca\/international-studies\/\"]}]},{\"@type\":\"BreadcrumbList\",\"@id\":\"https:\/\/musicwood.es\/ca\/international-studies\/#breadcrumb\",\"itemListElement\":[{\"@type\":\"ListItem\",\"position\":1,\"name\":\"Portada\",\"item\":\"https:\/\/musicwood.es\/musicwood\/\"},{\"@type\":\"ListItem\",\"position\":2,\"name\":\"International Studies\"}]},{\"@type\":\"WebSite\",\"@id\":\"https:\/\/musicwood.es\/#website\",\"url\":\"https:\/\/musicwood.es\/\",\"name\":\"MusicWood\",\"description\":\"Escuela de m\u00fasica\",\"potentialAction\":[{\"@type\":\"SearchAction\",\"target\":{\"@type\":\"EntryPoint\",\"urlTemplate\":\"https:\/\/musicwood.es\/?s={search_term_string}\"},\"query-input\":{\"@type\":\"PropertyValueSpecification\",\"valueRequired\":true,\"valueName\":\"search_term_string\"}}],\"inLanguage\":\"ca\"}]}<\/script>\n<!-- \/ Yoast SEO plugin. -->","yoast_head_json":{"title":"International Studies - MusicWood","robots":{"index":"index","follow":"follow","max-snippet":"max-snippet:-1","max-image-preview":"max-image-preview:large","max-video-preview":"max-video-preview:-1"},"canonical":"https:\/\/musicwood.es\/ca\/international-studies\/","og_locale":"ca_ES","og_type":"article","og_title":"International Studies - MusicWood","og_description":"International Studies APRENDE SIN BARRERAS En MusicWood formamos a nuestros alumnos para que tengan una educaci\u00f3n de 360\u00ba y puedan desatar todo su potencial. Ahora puedes aprender tu instrumento favorito sin que el idioma sea un problema. &nbsp; Clases en Castellano, Catal\u00e1n, Ingl\u00e9s, Franc\u00e9s y Chino. &nbsp;","og_url":"https:\/\/musicwood.es\/ca\/international-studies\/","og_site_name":"MusicWood","twitter_card":"summary_large_image","twitter_misc":{"Temps estimat de lectura":"2 minuts"},"schema":{"@context":"https:\/\/schema.org","@graph":[{"@type":"WebPage","@id":"https:\/\/musicwood.es\/ca\/international-studies\/","url":"https:\/\/musicwood.es\/ca\/international-studies\/","name":"International Studies - MusicWood","isPartOf":{"@id":"https:\/\/musicwood.es\/#website"},"datePublished":"2025-01-16T15:01:18+00:00","dateModified":"2025-01-16T15:01:18+00:00","breadcrumb":{"@id":"https:\/\/musicwood.es\/ca\/international-studies\/#breadcrumb"},"inLanguage":"ca","potentialAction":[{"@type":"ReadAction","target":["https:\/\/musicwood.es\/ca\/international-studies\/"]}]},{"@type":"BreadcrumbList","@id":"https:\/\/musicwood.es\/ca\/international-studies\/#breadcrumb","itemListElement":[{"@type":"ListItem","position":1,"name":"Portada","item":"https:\/\/musicwood.es\/musicwood\/"},{"@type":"ListItem","position":2,"name":"International Studies"}]},{"@type":"WebSite","@id":"https:\/\/musicwood.es\/#website","url":"https:\/\/musicwood.es\/","name":"MusicWood","description":"Escuela de m\u00fasica","potentialAction":[{"@type":"SearchAction","target":{"@type":"EntryPoint","urlTemplate":"https:\/\/musicwood.es\/?s={search_term_string}"},"query-input":{"@type":"PropertyValueSpecification","valueRequired":true,"valueName":"search_term_string"}}],"inLanguage":"ca"}]}},"_links":{"self":[{"href":"https:\/\/musicwood.es\/ca\/wp-json\/wp\/v2\/pages\/1884","targetHints":{"allow":["GET"]}}],"collection":[{"href":"https:\/\/musicwood.es\/ca\/wp-json\/wp\/v2\/pages"}],"about":[{"href":"https:\/\/musicwood.es\/ca\/wp-json\/wp\/v2\/types\/page"}],"author":[{"embeddable":true,"href":"https:\/\/musicwood.es\/ca\/wp-json\/wp\/v2\/users\/128"}],"replies":[{"embeddable":true,"href":"https:\/\/musicwood.es\/ca\/wp-json\/wp\/v2\/comments?post=1884"}],"version-history":[{"count":1,"href":"https:\/\/musicwood.es\/ca\/wp-json\/wp\/v2\/pages\/1884\/revisions"}],"predecessor-version":[{"id":1885,"href":"https:\/\/musicwood.es\/ca\/wp-json\/wp\/v2\/pages\/1884\/revisions\/1885"}],"wp:attachment":[{"href":"https:\/\/musicwood.es\/ca\/wp-json\/wp\/v2\/media?parent=1884"}],"curies":[{"name":"wp","href":"https:\/\/api.w.org\/{rel}","templated":true}]}}