{"id":1881,"date":"2025-01-16T15:57:22","date_gmt":"2025-01-16T14:57:22","guid":{"rendered":"https:\/\/musicwood.es\/?page_id=1881"},"modified":"2025-01-16T15:57:22","modified_gmt":"2025-01-16T14:57:22","slug":"videos-3","status":"publish","type":"page","link":"https:\/\/musicwood.es\/ca\/videos-3\/","title":{"rendered":"Videos"},"content":{"rendered":"<h1>V\u00eddeos Wood<\/h1>\n<p>En la escuela d\u00eda a d\u00eda trabajamos para mantenernos actualizados para formar a nuestros alumnos al m\u00e1ximo rendimiento. Las herramientas digitales se est\u00e1n convirtiendo en un elemento fundamental para el desarrollo de aprendizaje y su dominio son imprescindibles.<\/p>\n<div class=\"accordion\" rel=\"\">\n<div class=\"accordion-item\"><a href=\"#\" class=\"accordion-title plain\"><button class=\"toggle\"><i class=\"icon-angle-down\"><\/i><\/button><span>Petits Wood<\/span><\/a><div class=\"accordion-inner\">\n<div style=\"width: 1020px;\" class=\"wp-video\"><!--[if lt IE 9]><script>document.createElement('video');<\/script><![endif]-->\n<video class=\"wp-video-shortcode\" id=\"video-1881-1\" width=\"1020\" height=\"574\" preload=\"metadata\" controls=\"controls\"><source type=\"video\/mp4\" src=\"https:\/\/musicwood.es\/wp-content\/uploads\/2020\/11\/La-Clau-de-Sol-convert-video-online.com_.mp4?_=1\" \/><a href=\"https:\/\/musicwood.es\/wp-content\/uploads\/2020\/11\/La-Clau-de-Sol-convert-video-online.com_.mp4\">https:\/\/musicwood.es\/wp-content\/uploads\/2020\/11\/La-Clau-de-Sol-convert-video-online.com_.mp4<\/a><\/video><\/div>\n<div style=\"width: 1020px;\" class=\"wp-video\"><video class=\"wp-video-shortcode\" id=\"video-1881-2\" width=\"1020\" height=\"574\" preload=\"metadata\" controls=\"controls\"><source type=\"video\/mp4\" src=\"https:\/\/musicwood.es\/wp-content\/uploads\/2020\/11\/Les-Notes-convert-video-online.com_.mp4?_=2\" \/><a href=\"https:\/\/musicwood.es\/wp-content\/uploads\/2020\/11\/Les-Notes-convert-video-online.com_.mp4\">https:\/\/musicwood.es\/wp-content\/uploads\/2020\/11\/Les-Notes-convert-video-online.com_.mp4<\/a><\/video><\/div>\n<\/div><\/div>\n<div class=\"accordion-item\"><a href=\"#\" class=\"accordion-title plain\"><button class=\"toggle\"><i class=\"icon-angle-down\"><\/i><\/button><span>Robin Woods<\/span><\/a><div class=\"accordion-inner\">\n<div style=\"width: 1020px;\" class=\"wp-video\"><video class=\"wp-video-shortcode\" id=\"video-1881-3\" width=\"1020\" height=\"574\" poster=\"https:\/\/musicwood.es\/wp-content\/uploads\/2018\/11\/Logo-Music-Wood-00.png\" preload=\"metadata\" controls=\"controls\"><source type=\"video\/mp4\" src=\"https:\/\/musicwood.es\/wp-content\/uploads\/2020\/06\/Les-Bananes.mp4?_=3\" \/><a href=\"https:\/\/musicwood.es\/wp-content\/uploads\/2020\/06\/Les-Bananes.mp4\">https:\/\/musicwood.es\/wp-content\/uploads\/2020\/06\/Les-Bananes.mp4<\/a><\/video><\/div>\n<\/div><\/div>\n<div class=\"accordion-item\"><a href=\"#\" class=\"accordion-title plain\"><button class=\"toggle\"><i class=\"icon-angle-down\"><\/i><\/button><span>Els Woods<\/span><\/a><div class=\"accordion-inner\">\n<div style=\"width: 1020px;\" class=\"wp-video\"><video class=\"wp-video-shortcode\" id=\"video-1881-4\" width=\"1020\" height=\"574\" poster=\"https:\/\/musicwood.es\/wp-content\/uploads\/2018\/11\/Logo-Music-Wood-00.png\" preload=\"metadata\" controls=\"controls\"><source type=\"video\/mp4\" src=\"https:\/\/musicwood.es\/wp-content\/uploads\/2020\/05\/els-vaixells-de-stienkarrasi-1.mp4?_=4\" \/><a href=\"https:\/\/musicwood.es\/wp-content\/uploads\/2020\/05\/els-vaixells-de-stienkarrasi-1.mp4\">https:\/\/musicwood.es\/wp-content\/uploads\/2020\/05\/els-vaixells-de-stienkarrasi-1.mp4<\/a><\/video><\/div>\n<\/div><\/div>\n<div class=\"accordion-item\"><a href=\"#\" class=\"accordion-title plain\"><button class=\"toggle\"><i class=\"icon-angle-down\"><\/i><\/button><span>Coral Wood<\/span><\/a><div class=\"accordion-inner\">\n<div style=\"width: 1020px;\" class=\"wp-video\"><video class=\"wp-video-shortcode\" id=\"video-1881-5\" width=\"1020\" height=\"574\" poster=\"https:\/\/musicwood.es\/wp-content\/uploads\/2018\/11\/Logo-Music-Wood-00.png\" preload=\"metadata\" controls=\"controls\"><source type=\"video\/mp4\" src=\"https:\/\/musicwood.es\/wp-content\/uploads\/2020\/10\/Joia-al-mon-convert-video-online.com_.mp4?_=5\" \/><a href=\"https:\/\/musicwood.es\/wp-content\/uploads\/2020\/10\/Joia-al-mon-convert-video-online.com_.mp4\">https:\/\/musicwood.es\/wp-content\/uploads\/2020\/10\/Joia-al-mon-convert-video-online.com_.mp4<\/a><\/video><\/div>\n<\/div><\/div>\n<\/div>\n","protected":false},"excerpt":{"rendered":"<p>V\u00eddeos Wood En la escuela d\u00eda a d\u00eda trabajamos para mantenernos actualizados para formar a nuestros alumnos al m\u00e1ximo rendimiento. Las herramientas digitales se est\u00e1n convirtiendo en un elemento fundamental para el desarrollo de aprendizaje y su dominio son imprescindibles.<\/p>\n","protected":false},"author":128,"featured_media":0,"parent":0,"menu_order":0,"comment_status":"closed","ping_status":"closed","template":"","meta":{"_monsterinsights_skip_tracking":false,"_monsterinsights_sitenote_active":false,"_monsterinsights_sitenote_note":"","_monsterinsights_sitenote_category":0,"footnotes":""},"class_list":["post-1881","page","type-page","status-publish","hentry"],"yoast_head":"<!-- This site is optimized with the Yoast SEO plugin v24.2 - https:\/\/yoast.com\/wordpress\/plugins\/seo\/ -->\n<title>Videos - MusicWood<\/title>\n<meta name=\"robots\" content=\"index, follow, max-snippet:-1, max-image-preview:large, max-video-preview:-1\" \/>\n<link rel=\"canonical\" href=\"https:\/\/musicwood.es\/ca\/videos-3\/\" \/>\n<meta property=\"og:locale\" content=\"ca_ES\" \/>\n<meta property=\"og:type\" content=\"article\" \/>\n<meta property=\"og:title\" content=\"Videos - MusicWood\" \/>\n<meta property=\"og:description\" content=\"V\u00eddeos Wood En la escuela d\u00eda a d\u00eda trabajamos para mantenernos actualizados para formar a nuestros alumnos al m\u00e1ximo rendimiento. Las herramientas digitales se est\u00e1n convirtiendo en un elemento fundamental para el desarrollo de aprendizaje y su dominio son imprescindibles.\" \/>\n<meta property=\"og:url\" content=\"https:\/\/musicwood.es\/ca\/videos-3\/\" \/>\n<meta property=\"og:site_name\" content=\"MusicWood\" \/>\n<meta name=\"twitter:card\" content=\"summary_large_image\" \/>\n<meta name=\"twitter:label1\" content=\"Temps estimat de lectura\" \/>\n\t<meta name=\"twitter:data1\" content=\"1 minut\" \/>\n<script type=\"application\/ld+json\" class=\"yoast-schema-graph\">{\"@context\":\"https:\/\/schema.org\",\"@graph\":[{\"@type\":\"WebPage\",\"@id\":\"https:\/\/musicwood.es\/ca\/videos-3\/\",\"url\":\"https:\/\/musicwood.es\/ca\/videos-3\/\",\"name\":\"Videos - MusicWood\",\"isPartOf\":{\"@id\":\"https:\/\/musicwood.es\/#website\"},\"datePublished\":\"2025-01-16T14:57:22+00:00\",\"dateModified\":\"2025-01-16T14:57:22+00:00\",\"breadcrumb\":{\"@id\":\"https:\/\/musicwood.es\/ca\/videos-3\/#breadcrumb\"},\"inLanguage\":\"ca\",\"potentialAction\":[{\"@type\":\"ReadAction\",\"target\":[\"https:\/\/musicwood.es\/ca\/videos-3\/\"]}]},{\"@type\":\"BreadcrumbList\",\"@id\":\"https:\/\/musicwood.es\/ca\/videos-3\/#breadcrumb\",\"itemListElement\":[{\"@type\":\"ListItem\",\"position\":1,\"name\":\"Portada\",\"item\":\"https:\/\/musicwood.es\/musicwood\/\"},{\"@type\":\"ListItem\",\"position\":2,\"name\":\"Videos\"}]},{\"@type\":\"WebSite\",\"@id\":\"https:\/\/musicwood.es\/#website\",\"url\":\"https:\/\/musicwood.es\/\",\"name\":\"MusicWood\",\"description\":\"Escuela de m\u00fasica\",\"potentialAction\":[{\"@type\":\"SearchAction\",\"target\":{\"@type\":\"EntryPoint\",\"urlTemplate\":\"https:\/\/musicwood.es\/?s={search_term_string}\"},\"query-input\":{\"@type\":\"PropertyValueSpecification\",\"valueRequired\":true,\"valueName\":\"search_term_string\"}}],\"inLanguage\":\"ca\"}]}<\/script>\n<!-- \/ Yoast SEO plugin. -->","yoast_head_json":{"title":"Videos - MusicWood","robots":{"index":"index","follow":"follow","max-snippet":"max-snippet:-1","max-image-preview":"max-image-preview:large","max-video-preview":"max-video-preview:-1"},"canonical":"https:\/\/musicwood.es\/ca\/videos-3\/","og_locale":"ca_ES","og_type":"article","og_title":"Videos - MusicWood","og_description":"V\u00eddeos Wood En la escuela d\u00eda a d\u00eda trabajamos para mantenernos actualizados para formar a nuestros alumnos al m\u00e1ximo rendimiento. Las herramientas digitales se est\u00e1n convirtiendo en un elemento fundamental para el desarrollo de aprendizaje y su dominio son imprescindibles.","og_url":"https:\/\/musicwood.es\/ca\/videos-3\/","og_site_name":"MusicWood","twitter_card":"summary_large_image","twitter_misc":{"Temps estimat de lectura":"1 minut"},"schema":{"@context":"https:\/\/schema.org","@graph":[{"@type":"WebPage","@id":"https:\/\/musicwood.es\/ca\/videos-3\/","url":"https:\/\/musicwood.es\/ca\/videos-3\/","name":"Videos - MusicWood","isPartOf":{"@id":"https:\/\/musicwood.es\/#website"},"datePublished":"2025-01-16T14:57:22+00:00","dateModified":"2025-01-16T14:57:22+00:00","breadcrumb":{"@id":"https:\/\/musicwood.es\/ca\/videos-3\/#breadcrumb"},"inLanguage":"ca","potentialAction":[{"@type":"ReadAction","target":["https:\/\/musicwood.es\/ca\/videos-3\/"]}]},{"@type":"BreadcrumbList","@id":"https:\/\/musicwood.es\/ca\/videos-3\/#breadcrumb","itemListElement":[{"@type":"ListItem","position":1,"name":"Portada","item":"https:\/\/musicwood.es\/musicwood\/"},{"@type":"ListItem","position":2,"name":"Videos"}]},{"@type":"WebSite","@id":"https:\/\/musicwood.es\/#website","url":"https:\/\/musicwood.es\/","name":"MusicWood","description":"Escuela de m\u00fasica","potentialAction":[{"@type":"SearchAction","target":{"@type":"EntryPoint","urlTemplate":"https:\/\/musicwood.es\/?s={search_term_string}"},"query-input":{"@type":"PropertyValueSpecification","valueRequired":true,"valueName":"search_term_string"}}],"inLanguage":"ca"}]}},"_links":{"self":[{"href":"https:\/\/musicwood.es\/ca\/wp-json\/wp\/v2\/pages\/1881","targetHints":{"allow":["GET"]}}],"collection":[{"href":"https:\/\/musicwood.es\/ca\/wp-json\/wp\/v2\/pages"}],"about":[{"href":"https:\/\/musicwood.es\/ca\/wp-json\/wp\/v2\/types\/page"}],"author":[{"embeddable":true,"href":"https:\/\/musicwood.es\/ca\/wp-json\/wp\/v2\/users\/128"}],"replies":[{"embeddable":true,"href":"https:\/\/musicwood.es\/ca\/wp-json\/wp\/v2\/comments?post=1881"}],"version-history":[{"count":1,"href":"https:\/\/musicwood.es\/ca\/wp-json\/wp\/v2\/pages\/1881\/revisions"}],"predecessor-version":[{"id":1882,"href":"https:\/\/musicwood.es\/ca\/wp-json\/wp\/v2\/pages\/1881\/revisions\/1882"}],"wp:attachment":[{"href":"https:\/\/musicwood.es\/ca\/wp-json\/wp\/v2\/media?parent=1881"}],"curies":[{"name":"wp","href":"https:\/\/api.w.org\/{rel}","templated":true}]}}